{"id":709,"date":"2024-02-12T15:50:40","date_gmt":"2024-02-12T14:50:40","guid":{"rendered":"https:\/\/competent-job-trek.com\/salarie\/"},"modified":"2024-05-01T20:50:37","modified_gmt":"2024-05-01T18:50:37","slug":"salarie","status":"publish","type":"page","link":"https:\/\/competent-job-trek.com\/fr\/salarie\/","title":{"rendered":"Salari\u00e9"},"content":{"rendered":"\t\t<div data-elementor-type=\"wp-page\" data-elementor-id=\"709\" class=\"elementor elementor-709 elementor-18\">\n\t\t\t\t<div class=\"elementor-element elementor-element-47f11b1 e-con-full e-flex e-con e-parent\" data-id=\"47f11b1\" data-element_type=\"container\" data-e-type=\"container\" data-settings=\"{&quot;background_background&quot;:&quot;classic&quot;}\">\n\t\t<div class=\"elementor-element elementor-element-6c71cc5 e-flex e-con-boxed e-con e-child\" data-id=\"6c71cc5\" data-element_type=\"container\" data-e-type=\"container\" data-settings=\"{&quot;background_background&quot;:&quot;classic&quot;}\">\n\t\t\t\t\t<div class=\"e-con-inner\">\n\t\t<div class=\"elementor-element elementor-element-d4cc2f4 e-con-full e-flex e-con e-child\" data-id=\"d4cc2f4\" data-element_type=\"container\" data-e-type=\"container\">\n\t\t\t\t<div class=\"elementor-element elementor-element-ade9344 elementor-widget elementor-widget-heading\" data-id=\"ade9344\" data-element_type=\"widget\" data-e-type=\"widget\" data-widget_type=\"heading.default\">\n\t\t\t\t<div class=\"elementor-widget-container\">\n\t\t\t\t\t<h2 class=\"elementor-heading-title elementor-size-default\">Pour les salari\u00e9s, nous sommes une passerelle vers des opportunit\u00e9s de carri\u00e8re passionnantes en Allemagne.<\/h2>\t\t\t\t<\/div>\n\t\t\t\t<\/div>\n\t\t\t\t<div class=\"elementor-element elementor-element-e048784 elementor-widget elementor-widget-text-editor\" data-id=\"e048784\" data-element_type=\"widget\" data-e-type=\"widget\" data-widget_type=\"text-editor.default\">\n\t\t\t\t<div class=\"elementor-widget-container\">\n\t\t\t\t\t\t\t\t\t<p>Notre objectif est de vous aider \u00e0 trouver l&#8217;emploi de vos r\u00eaves et \u00e0 r\u00e9aliser votre plein potentiel. Nous offrons non seulement l&rsquo;acc\u00e8s \u00e0 des emplois de premier ordre, mais aussi un soutien et un accompagnement tout au long de votre carri\u00e8re.<\/p>\n\t\t\t\t\t\t\t\t<\/div>\n\t\t\t\t<\/div>\n\t\t\t\t<\/div>\n\t\t<div class=\"elementor-element elementor-element-b38a0b6 e-con-full e-flex e-con e-child\" data-id=\"b38a0b6\" data-element_type=\"container\" data-e-type=\"container\">\n\t\t\t\t<div class=\"elementor-element elementor-element-62eac18 elementor-widget elementor-widget-image\" data-id=\"62eac18\" data-element_type=\"widget\" data-e-type=\"widget\" data-widget_type=\"image.default\">\n\t\t\t\t<div class=\"elementor-widget-container\">\n\t\t\t\t\t\t\t\t\t\t\t\t\t\t\t<img fetchpriority=\"high\" decoding=\"async\" width=\"800\" height=\"800\" src=\"https:\/\/competent-job-trek.com\/wp-content\/uploads\/2024\/02\/Logo-weiss-3.svg\" class=\"attachment-large size-large wp-image-686\" alt=\"\" \/>\t\t\t\t\t\t\t\t\t\t\t\t\t\t\t<\/div>\n\t\t\t\t<\/div>\n\t\t\t\t<\/div>\n\t\t\t\t\t<\/div>\n\t\t\t\t<\/div>\n\t\t\t\t<\/div>\n\t\t<div class=\"elementor-element elementor-element-d490b97 e-flex e-con-boxed e-con e-parent\" data-id=\"d490b97\" data-element_type=\"container\" data-e-type=\"container\">\n\t\t\t\t\t<div class=\"e-con-inner\">\n\t\t\t\t\t<\/div>\n\t\t\t\t<\/div>\n\t\t<div class=\"elementor-element elementor-element-18f3350 e-flex e-con-boxed e-con e-parent\" data-id=\"18f3350\" data-element_type=\"container\" data-e-type=\"container\">\n\t\t\t\t\t<div class=\"e-con-inner\">\n\t\t\t\t<div class=\"elementor-element elementor-element-b031b4d elementor-widget elementor-widget-heading\" data-id=\"b031b4d\" data-element_type=\"widget\" data-e-type=\"widget\" data-widget_type=\"heading.default\">\n\t\t\t\t<div class=\"elementor-widget-container\">\n\t\t\t\t\t<h2 class=\"elementor-heading-title elementor-size-default\">Ce que nous pouvons faire pour vous<\/h2>\t\t\t\t<\/div>\n\t\t\t\t<\/div>\n\t\t\t\t\t<\/div>\n\t\t\t\t<\/div>\n\t\t<div class=\"elementor-element elementor-element-b1859a7 e-flex e-con-boxed e-con e-parent\" data-id=\"b1859a7\" data-element_type=\"container\" data-e-type=\"container\">\n\t\t\t\t\t<div class=\"e-con-inner\">\n\t\t<div class=\"elementor-element elementor-element-e0b2b7c e-con-full e-flex e-con e-child\" data-id=\"e0b2b7c\" data-element_type=\"container\" data-e-type=\"container\">\n\t\t\t\t<div class=\"elementor-element elementor-element-7c14118 elementor-widget elementor-widget-heading\" data-id=\"7c14118\" data-element_type=\"widget\" data-e-type=\"widget\" data-widget_type=\"heading.default\">\n\t\t\t\t<div class=\"elementor-widget-container\">\n\t\t\t\t\t<h2 class=\"elementor-heading-title elementor-size-default\">1.<\/h2>\t\t\t\t<\/div>\n\t\t\t\t<\/div>\n\t\t\t\t<div class=\"elementor-element elementor-element-4f58847 elementor-widget elementor-widget-text-editor\" data-id=\"4f58847\" data-element_type=\"widget\" data-e-type=\"widget\" data-widget_type=\"text-editor.default\">\n\t\t\t\t<div class=\"elementor-widget-container\">\n\t\t\t\t\t\t\t\t\t<p>Notre offre s&rsquo;adresse aussi bien aux professionnels qu&rsquo;aux personnes en qu\u00eate de formation qui souhaitent venir en Allemagne de mani\u00e8re r\u00e9guli\u00e8re, que ce soit pour commencer \u00e0 travailler ou pour terminer une formation.<\/p>\n\t\t\t\t\t\t\t\t<\/div>\n\t\t\t\t<\/div>\n\t\t\t\t<\/div>\n\t\t<div class=\"elementor-element elementor-element-2120fce e-con-full e-flex e-con e-child\" data-id=\"2120fce\" data-element_type=\"container\" data-e-type=\"container\">\n\t\t\t\t<div class=\"elementor-element elementor-element-db9827e elementor-widget elementor-widget-heading\" data-id=\"db9827e\" data-element_type=\"widget\" data-e-type=\"widget\" data-widget_type=\"heading.default\">\n\t\t\t\t<div class=\"elementor-widget-container\">\n\t\t\t\t\t<h2 class=\"elementor-heading-title elementor-size-default\">2.<\/h2>\t\t\t\t<\/div>\n\t\t\t\t<\/div>\n\t\t\t\t<div class=\"elementor-element elementor-element-8461f74 elementor-widget elementor-widget-text-editor\" data-id=\"8461f74\" data-element_type=\"widget\" data-e-type=\"widget\" data-widget_type=\"text-editor.default\">\n\t\t\t\t<div class=\"elementor-widget-container\">\n\t\t\t\t\t\t\t\t\t<p>Ensemble, nous veillons \u00e0 ce que vos dipl\u00f4mes scolaires et professionnels soient reconnus en Allemagne.<\/p>\n\t\t\t\t\t\t\t\t<\/div>\n\t\t\t\t<\/div>\n\t\t\t\t<\/div>\n\t\t<div class=\"elementor-element elementor-element-f431426 e-con-full e-flex e-con e-child\" data-id=\"f431426\" data-element_type=\"container\" data-e-type=\"container\">\n\t\t\t\t<div class=\"elementor-element elementor-element-7595c2c elementor-widget elementor-widget-heading\" data-id=\"7595c2c\" data-element_type=\"widget\" data-e-type=\"widget\" data-widget_type=\"heading.default\">\n\t\t\t\t<div class=\"elementor-widget-container\">\n\t\t\t\t\t<h2 class=\"elementor-heading-title elementor-size-default\">3.<\/h2>\t\t\t\t<\/div>\n\t\t\t\t<\/div>\n\t\t\t\t<div class=\"elementor-element elementor-element-4c11cc7 elementor-widget elementor-widget-text-editor\" data-id=\"4c11cc7\" data-element_type=\"widget\" data-e-type=\"widget\" data-widget_type=\"text-editor.default\">\n\t\t\t\t<div class=\"elementor-widget-container\">\n\t\t\t\t\t\t\t\t\t<p>Nous pr\u00e9parons avec vous un dossier de candidature complet, compos\u00e9 d&rsquo;une lettre de motivation personnalis\u00e9e, d&rsquo;un CV professionnel et de tous les certificats et dipl\u00f4mes requis.<\/p>\n<p>Nous \u00e9tablissons un protocole de consultation.<\/p>\n\t\t\t\t\t\t\t\t<\/div>\n\t\t\t\t<\/div>\n\t\t\t\t<\/div>\n\t\t<div class=\"elementor-element elementor-element-848336a e-con-full e-flex e-con e-child\" data-id=\"848336a\" data-element_type=\"container\" data-e-type=\"container\">\n\t\t\t\t<div class=\"elementor-element elementor-element-ffa2da2 elementor-widget elementor-widget-heading\" data-id=\"ffa2da2\" data-element_type=\"widget\" data-e-type=\"widget\" data-widget_type=\"heading.default\">\n\t\t\t\t<div class=\"elementor-widget-container\">\n\t\t\t\t\t<h2 class=\"elementor-heading-title elementor-size-default\">4.<\/h2>\t\t\t\t<\/div>\n\t\t\t\t<\/div>\n\t\t\t\t<div class=\"elementor-element elementor-element-44757a1 elementor-widget elementor-widget-text-editor\" data-id=\"44757a1\" data-element_type=\"widget\" data-e-type=\"widget\" data-widget_type=\"text-editor.default\">\n\t\t\t\t<div class=\"elementor-widget-container\">\n\t\t\t\t\t\t\t\t\t<p>Depuis l&rsquo;Allemagne, nous vous aidons \u00e0 trouver un emploi ou une formation qui vous convienne et \u00e0 faire une premi\u00e8re rencontre num\u00e9rique avec votre futur employeur potentiel.<\/p>\n\t\t\t\t\t\t\t\t<\/div>\n\t\t\t\t<\/div>\n\t\t\t\t<\/div>\n\t\t<div class=\"elementor-element elementor-element-c5764d6 e-con-full e-flex e-con e-child\" data-id=\"c5764d6\" data-element_type=\"container\" data-e-type=\"container\">\n\t\t\t\t<div class=\"elementor-element elementor-element-ae19c02 elementor-widget elementor-widget-heading\" data-id=\"ae19c02\" data-element_type=\"widget\" data-e-type=\"widget\" data-widget_type=\"heading.default\">\n\t\t\t\t<div class=\"elementor-widget-container\">\n\t\t\t\t\t<h2 class=\"elementor-heading-title elementor-size-default\">5.<\/h2>\t\t\t\t<\/div>\n\t\t\t\t<\/div>\n\t\t\t\t<div class=\"elementor-element elementor-element-69bd327 elementor-widget elementor-widget-text-editor\" data-id=\"69bd327\" data-element_type=\"widget\" data-e-type=\"widget\" data-widget_type=\"text-editor.default\">\n\t\t\t\t<div class=\"elementor-widget-container\">\n\t\t\t\t\t\t\t\t\t<p>Une fois que vous aurez trouv\u00e9 l&#8217;emploi ou la formation que vous souhaitez, nous vous aiderons ensemble \u00e0 obtenir votre visa et nous pourrons vous aider \u00e0 trouver un logement.<\/p>\n\t\t\t\t\t\t\t\t<\/div>\n\t\t\t\t<\/div>\n\t\t\t\t<\/div>\n\t\t\t\t\t<\/div>\n\t\t\t\t<\/div>\n\t\t<div class=\"elementor-element elementor-element-7a50a29 e-flex e-con-boxed e-con e-parent\" data-id=\"7a50a29\" data-element_type=\"container\" data-e-type=\"container\">\n\t\t\t\t\t<div class=\"e-con-inner\">\n\t\t\t\t<div class=\"elementor-element elementor-element-1aee42e elementor-widget elementor-widget-spacer\" data-id=\"1aee42e\" data-element_type=\"widget\" data-e-type=\"widget\" data-widget_type=\"spacer.default\">\n\t\t\t\t<div class=\"elementor-widget-container\">\n\t\t\t\t\t\t\t<div class=\"elementor-spacer\">\n\t\t\t<div class=\"elementor-spacer-inner\"><\/div>\n\t\t<\/div>\n\t\t\t\t\t\t<\/div>\n\t\t\t\t<\/div>\n\t\t\t\t<div class=\"elementor-element elementor-element-06d6959 elementor-widget elementor-widget-image\" data-id=\"06d6959\" data-element_type=\"widget\" data-e-type=\"widget\" data-widget_type=\"image.default\">\n\t\t\t\t<div class=\"elementor-widget-container\">\n\t\t\t\t\t\t\t\t\t\t\t\t\t\t\t<img decoding=\"async\" width=\"1200\" height=\"300\" src=\"https:\/\/competent-job-trek.com\/wp-content\/uploads\/2024\/02\/Ticket-zum-Erfolg.png\" class=\"attachment-full size-full wp-image-680\" alt=\"\" srcset=\"https:\/\/competent-job-trek.com\/wp-content\/uploads\/2024\/02\/Ticket-zum-Erfolg.png 1200w, https:\/\/competent-job-trek.com\/wp-content\/uploads\/2024\/02\/Ticket-zum-Erfolg-300x75.png 300w, https:\/\/competent-job-trek.com\/wp-content\/uploads\/2024\/02\/Ticket-zum-Erfolg-1024x256.png 1024w, https:\/\/competent-job-trek.com\/wp-content\/uploads\/2024\/02\/Ticket-zum-Erfolg-768x192.png 768w\" sizes=\"(max-width: 1200px) 100vw, 1200px\" \/>\t\t\t\t\t\t\t\t\t\t\t\t\t\t\t<\/div>\n\t\t\t\t<\/div>\n\t\t\t\t<div class=\"elementor-element elementor-element-fedf917 elementor-widget elementor-widget-spacer\" data-id=\"fedf917\" data-element_type=\"widget\" data-e-type=\"widget\" data-widget_type=\"spacer.default\">\n\t\t\t\t<div class=\"elementor-widget-container\">\n\t\t\t\t\t\t\t<div class=\"elementor-spacer\">\n\t\t\t<div class=\"elementor-spacer-inner\"><\/div>\n\t\t<\/div>\n\t\t\t\t\t\t<\/div>\n\t\t\t\t<\/div>\n\t\t\t\t\t<\/div>\n\t\t\t\t<\/div>\n\t\t\t\t<\/div>\n\t\t","protected":false},"excerpt":{"rendered":"<p>Pour les salari\u00e9s, nous sommes une passerelle vers des opportunit\u00e9s de carri\u00e8re passionnantes en Allemagne. Notre objectif est de vous aider \u00e0 trouver l&#8217;emploi de vos r\u00eaves et \u00e0 r\u00e9aliser votre plein potentiel. Nous offrons non seulement l&rsquo;acc\u00e8s \u00e0 des emplois de premier ordre, mais aussi un soutien et un accompagnement tout au long de [&hellip;]<\/p>\n","protected":false},"author":1,"featured_media":0,"parent":0,"menu_order":0,"comment_status":"closed","ping_status":"closed","template":"","meta":{"inline_featured_image":false,"footnotes":""},"class_list":["post-709","page","type-page","status-publish","hentry"],"yoast_head":"<!-- This site is optimized with the Yoast SEO plugin v27.4 - https:\/\/yoast.com\/product\/yoast-seo-wordpress\/ -->\n<title>Salari\u00e9 - Competent Job Trek<\/title>\n<meta name=\"robots\" content=\"index, follow, max-snippet:-1, max-image-preview:large, max-video-preview:-1\" \/>\n<link rel=\"canonical\" href=\"https:\/\/competent-job-trek.com\/fr\/salarie\/\" \/>\n<meta property=\"og:locale\" content=\"fr_FR\" \/>\n<meta property=\"og:type\" content=\"article\" \/>\n<meta property=\"og:title\" content=\"Salari\u00e9 - Competent Job Trek\" \/>\n<meta property=\"og:description\" content=\"Pour les salari\u00e9s, nous sommes une passerelle vers des opportunit\u00e9s de carri\u00e8re passionnantes en Allemagne. Notre objectif est de vous aider \u00e0 trouver l&#8217;emploi de vos r\u00eaves et \u00e0 r\u00e9aliser votre plein potentiel. Nous offrons non seulement l&rsquo;acc\u00e8s \u00e0 des emplois de premier ordre, mais aussi un soutien et un accompagnement tout au long de [&hellip;]\" \/>\n<meta property=\"og:url\" content=\"https:\/\/competent-job-trek.com\/fr\/salarie\/\" \/>\n<meta property=\"og:site_name\" content=\"Competent Job Trek\" \/>\n<meta property=\"article:modified_time\" content=\"2024-05-01T18:50:37+00:00\" \/>\n<meta property=\"og:image\" content=\"https:\/\/competent-job-trek.com\/wp-content\/uploads\/2024\/02\/Logo-weiss-3.svg\" \/>\n<meta name=\"twitter:card\" content=\"summary_large_image\" \/>\n<meta name=\"twitter:label1\" content=\"Dur\u00e9e de lecture estim\u00e9e\" \/>\n\t<meta name=\"twitter:data1\" content=\"1 minute\" \/>\n<script type=\"application\/ld+json\" class=\"yoast-schema-graph\">{\"@context\":\"https:\\\/\\\/schema.org\",\"@graph\":[{\"@type\":\"WebPage\",\"@id\":\"https:\\\/\\\/competent-job-trek.com\\\/fr\\\/salarie\\\/\",\"url\":\"https:\\\/\\\/competent-job-trek.com\\\/fr\\\/salarie\\\/\",\"name\":\"Salari\u00e9 - Competent Job Trek\",\"isPartOf\":{\"@id\":\"http:\\\/\\\/competent-job-trek.com\\\/fr\\\/#website\"},\"primaryImageOfPage\":{\"@id\":\"https:\\\/\\\/competent-job-trek.com\\\/fr\\\/salarie\\\/#primaryimage\"},\"image\":{\"@id\":\"https:\\\/\\\/competent-job-trek.com\\\/fr\\\/salarie\\\/#primaryimage\"},\"thumbnailUrl\":\"https:\\\/\\\/competent-job-trek.com\\\/wp-content\\\/uploads\\\/2024\\\/02\\\/Logo-weiss-3.svg\",\"datePublished\":\"2024-02-12T14:50:40+00:00\",\"dateModified\":\"2024-05-01T18:50:37+00:00\",\"breadcrumb\":{\"@id\":\"https:\\\/\\\/competent-job-trek.com\\\/fr\\\/salarie\\\/#breadcrumb\"},\"inLanguage\":\"fr-FR\",\"potentialAction\":[{\"@type\":\"ReadAction\",\"target\":[\"https:\\\/\\\/competent-job-trek.com\\\/fr\\\/salarie\\\/\"]}]},{\"@type\":\"ImageObject\",\"inLanguage\":\"fr-FR\",\"@id\":\"https:\\\/\\\/competent-job-trek.com\\\/fr\\\/salarie\\\/#primaryimage\",\"url\":\"https:\\\/\\\/competent-job-trek.com\\\/wp-content\\\/uploads\\\/2024\\\/02\\\/Logo-weiss-3.svg\",\"contentUrl\":\"https:\\\/\\\/competent-job-trek.com\\\/wp-content\\\/uploads\\\/2024\\\/02\\\/Logo-weiss-3.svg\"},{\"@type\":\"BreadcrumbList\",\"@id\":\"https:\\\/\\\/competent-job-trek.com\\\/fr\\\/salarie\\\/#breadcrumb\",\"itemListElement\":[{\"@type\":\"ListItem\",\"position\":1,\"name\":\"Startseite\",\"item\":\"https:\\\/\\\/competent-job-trek.com\\\/fr\\\/\"},{\"@type\":\"ListItem\",\"position\":2,\"name\":\"Salari\u00e9\"}]},{\"@type\":\"WebSite\",\"@id\":\"http:\\\/\\\/competent-job-trek.com\\\/fr\\\/#website\",\"url\":\"http:\\\/\\\/competent-job-trek.com\\\/fr\\\/\",\"name\":\"Competent Job Trek\",\"description\":\"\",\"publisher\":{\"@id\":\"http:\\\/\\\/competent-job-trek.com\\\/fr\\\/#organization\"},\"potentialAction\":[{\"@type\":\"SearchAction\",\"target\":{\"@type\":\"EntryPoint\",\"urlTemplate\":\"http:\\\/\\\/competent-job-trek.com\\\/fr\\\/?s={search_term_string}\"},\"query-input\":{\"@type\":\"PropertyValueSpecification\",\"valueRequired\":true,\"valueName\":\"search_term_string\"}}],\"inLanguage\":\"fr-FR\"},{\"@type\":\"Organization\",\"@id\":\"http:\\\/\\\/competent-job-trek.com\\\/fr\\\/#organization\",\"name\":\"Competent Job Trek\",\"url\":\"http:\\\/\\\/competent-job-trek.com\\\/fr\\\/\",\"logo\":{\"@type\":\"ImageObject\",\"inLanguage\":\"fr-FR\",\"@id\":\"http:\\\/\\\/competent-job-trek.com\\\/fr\\\/#\\\/schema\\\/logo\\\/image\\\/\",\"url\":\"\",\"contentUrl\":\"\",\"caption\":\"Competent Job Trek\"},\"image\":{\"@id\":\"http:\\\/\\\/competent-job-trek.com\\\/fr\\\/#\\\/schema\\\/logo\\\/image\\\/\"},\"sameAs\":[\"https:\\\/\\\/www.instagram.com\\\/competentjobtrek\\\/\"]}]}<\/script>\n<!-- \/ Yoast SEO plugin. -->","yoast_head_json":{"title":"Salari\u00e9 - Competent Job Trek","robots":{"index":"index","follow":"follow","max-snippet":"max-snippet:-1","max-image-preview":"max-image-preview:large","max-video-preview":"max-video-preview:-1"},"canonical":"https:\/\/competent-job-trek.com\/fr\/salarie\/","og_locale":"fr_FR","og_type":"article","og_title":"Salari\u00e9 - Competent Job Trek","og_description":"Pour les salari\u00e9s, nous sommes une passerelle vers des opportunit\u00e9s de carri\u00e8re passionnantes en Allemagne. Notre objectif est de vous aider \u00e0 trouver l&#8217;emploi de vos r\u00eaves et \u00e0 r\u00e9aliser votre plein potentiel. Nous offrons non seulement l&rsquo;acc\u00e8s \u00e0 des emplois de premier ordre, mais aussi un soutien et un accompagnement tout au long de [&hellip;]","og_url":"https:\/\/competent-job-trek.com\/fr\/salarie\/","og_site_name":"Competent Job Trek","article_modified_time":"2024-05-01T18:50:37+00:00","og_image":[{"url":"https:\/\/competent-job-trek.com\/wp-content\/uploads\/2024\/02\/Logo-weiss-3.svg","type":"","width":"","height":""}],"twitter_card":"summary_large_image","twitter_misc":{"Dur\u00e9e de lecture estim\u00e9e":"1 minute"},"schema":{"@context":"https:\/\/schema.org","@graph":[{"@type":"WebPage","@id":"https:\/\/competent-job-trek.com\/fr\/salarie\/","url":"https:\/\/competent-job-trek.com\/fr\/salarie\/","name":"Salari\u00e9 - Competent Job Trek","isPartOf":{"@id":"http:\/\/competent-job-trek.com\/fr\/#website"},"primaryImageOfPage":{"@id":"https:\/\/competent-job-trek.com\/fr\/salarie\/#primaryimage"},"image":{"@id":"https:\/\/competent-job-trek.com\/fr\/salarie\/#primaryimage"},"thumbnailUrl":"https:\/\/competent-job-trek.com\/wp-content\/uploads\/2024\/02\/Logo-weiss-3.svg","datePublished":"2024-02-12T14:50:40+00:00","dateModified":"2024-05-01T18:50:37+00:00","breadcrumb":{"@id":"https:\/\/competent-job-trek.com\/fr\/salarie\/#breadcrumb"},"inLanguage":"fr-FR","potentialAction":[{"@type":"ReadAction","target":["https:\/\/competent-job-trek.com\/fr\/salarie\/"]}]},{"@type":"ImageObject","inLanguage":"fr-FR","@id":"https:\/\/competent-job-trek.com\/fr\/salarie\/#primaryimage","url":"https:\/\/competent-job-trek.com\/wp-content\/uploads\/2024\/02\/Logo-weiss-3.svg","contentUrl":"https:\/\/competent-job-trek.com\/wp-content\/uploads\/2024\/02\/Logo-weiss-3.svg"},{"@type":"BreadcrumbList","@id":"https:\/\/competent-job-trek.com\/fr\/salarie\/#breadcrumb","itemListElement":[{"@type":"ListItem","position":1,"name":"Startseite","item":"https:\/\/competent-job-trek.com\/fr\/"},{"@type":"ListItem","position":2,"name":"Salari\u00e9"}]},{"@type":"WebSite","@id":"http:\/\/competent-job-trek.com\/fr\/#website","url":"http:\/\/competent-job-trek.com\/fr\/","name":"Competent Job Trek","description":"","publisher":{"@id":"http:\/\/competent-job-trek.com\/fr\/#organization"},"potentialAction":[{"@type":"SearchAction","target":{"@type":"EntryPoint","urlTemplate":"http:\/\/competent-job-trek.com\/fr\/?s={search_term_string}"},"query-input":{"@type":"PropertyValueSpecification","valueRequired":true,"valueName":"search_term_string"}}],"inLanguage":"fr-FR"},{"@type":"Organization","@id":"http:\/\/competent-job-trek.com\/fr\/#organization","name":"Competent Job Trek","url":"http:\/\/competent-job-trek.com\/fr\/","logo":{"@type":"ImageObject","inLanguage":"fr-FR","@id":"http:\/\/competent-job-trek.com\/fr\/#\/schema\/logo\/image\/","url":"","contentUrl":"","caption":"Competent Job Trek"},"image":{"@id":"http:\/\/competent-job-trek.com\/fr\/#\/schema\/logo\/image\/"},"sameAs":["https:\/\/www.instagram.com\/competentjobtrek\/"]}]}},"_links":{"self":[{"href":"https:\/\/competent-job-trek.com\/fr\/wp-json\/wp\/v2\/pages\/709","targetHints":{"allow":["GET"]}}],"collection":[{"href":"https:\/\/competent-job-trek.com\/fr\/wp-json\/wp\/v2\/pages"}],"about":[{"href":"https:\/\/competent-job-trek.com\/fr\/wp-json\/wp\/v2\/types\/page"}],"author":[{"embeddable":true,"href":"https:\/\/competent-job-trek.com\/fr\/wp-json\/wp\/v2\/users\/1"}],"replies":[{"embeddable":true,"href":"https:\/\/competent-job-trek.com\/fr\/wp-json\/wp\/v2\/comments?post=709"}],"version-history":[{"count":1,"href":"https:\/\/competent-job-trek.com\/fr\/wp-json\/wp\/v2\/pages\/709\/revisions"}],"predecessor-version":[{"id":716,"href":"https:\/\/competent-job-trek.com\/fr\/wp-json\/wp\/v2\/pages\/709\/revisions\/716"}],"wp:attachment":[{"href":"https:\/\/competent-job-trek.com\/fr\/wp-json\/wp\/v2\/media?parent=709"}],"curies":[{"name":"wp","href":"https:\/\/api.w.org\/{rel}","templated":true}]}}