{"id":707,"date":"2024-02-12T15:50:31","date_gmt":"2024-02-12T14:50:31","guid":{"rendered":"https:\/\/competent-job-trek.com\/employeur\/"},"modified":"2024-05-01T20:50:36","modified_gmt":"2024-05-01T18:50:36","slug":"employeur","status":"publish","type":"page","link":"https:\/\/competent-job-trek.com\/fr\/employeur\/","title":{"rendered":"Employeur"},"content":{"rendered":"\t\t<div data-elementor-type=\"wp-page\" data-elementor-id=\"707\" class=\"elementor elementor-707 elementor-16\">\n\t\t\t\t<div class=\"elementor-element elementor-element-0cbbbaa e-con-full e-flex e-con e-parent\" data-id=\"0cbbbaa\" data-element_type=\"container\" data-e-type=\"container\" data-settings=\"{&quot;background_background&quot;:&quot;classic&quot;}\">\n\t\t<div class=\"elementor-element elementor-element-5e65e5f e-flex e-con-boxed e-con e-child\" data-id=\"5e65e5f\" data-element_type=\"container\" data-e-type=\"container\" data-settings=\"{&quot;background_background&quot;:&quot;classic&quot;}\">\n\t\t\t\t\t<div class=\"e-con-inner\">\n\t\t\t\t\t<\/div>\n\t\t\t\t<\/div>\n\t\t\t\t<\/div>\n\t\t<div class=\"elementor-element elementor-element-2cf4b60 e-con-full e-flex e-con e-parent\" data-id=\"2cf4b60\" data-element_type=\"container\" data-e-type=\"container\" data-settings=\"{&quot;background_background&quot;:&quot;classic&quot;}\">\n\t\t<div class=\"elementor-element elementor-element-aee6033 e-flex e-con-boxed e-con e-child\" data-id=\"aee6033\" data-element_type=\"container\" data-e-type=\"container\" data-settings=\"{&quot;background_background&quot;:&quot;classic&quot;}\">\n\t\t\t\t\t<div class=\"e-con-inner\">\n\t\t\t\t<div class=\"elementor-element elementor-element-d0524f2 elementor-widget elementor-widget-heading\" data-id=\"d0524f2\" data-element_type=\"widget\" data-e-type=\"widget\" data-widget_type=\"heading.default\">\n\t\t\t\t<div class=\"elementor-widget-container\">\n\t\t\t\t\t<h2 class=\"elementor-heading-title elementor-size-default\">Pour les employeurs, nous sommes la cl\u00e9 pour faire face \u00e0 la p\u00e9nurie de comp\u00e9tences et cr\u00e9er des \u00e9quipes diversifi\u00e9es et performantes capables de relever les d\u00e9fis de demain.<\/h2>\t\t\t\t<\/div>\n\t\t\t\t<\/div>\n\t\t\t\t<div class=\"elementor-element elementor-element-2ae72b1 elementor-widget elementor-widget-heading\" data-id=\"2ae72b1\" data-element_type=\"widget\" data-e-type=\"widget\" data-widget_type=\"heading.default\">\n\t\t\t\t<div class=\"elementor-widget-container\">\n\t\t\t\t\t<h2 class=\"elementor-heading-title elementor-size-default\">Nous vous aidons \u00e0 identifier, attirer et retenir les meilleurs talents en vous proposant des solutions de recrutement innovantes et des services de conseil personnalis\u00e9s.<\/h2>\t\t\t\t<\/div>\n\t\t\t\t<\/div>\n\t\t\t\t\t<\/div>\n\t\t\t\t<\/div>\n\t\t\t\t<\/div>\n\t\t<div class=\"elementor-element elementor-element-052d1c7 e-flex e-con-boxed e-con e-parent\" data-id=\"052d1c7\" data-element_type=\"container\" data-e-type=\"container\">\n\t\t\t\t\t<div class=\"e-con-inner\">\n\t\t\t\t<div class=\"elementor-element elementor-element-d8d1687 elementor-widget elementor-widget-heading\" data-id=\"d8d1687\" data-element_type=\"widget\" data-e-type=\"widget\" data-widget_type=\"heading.default\">\n\t\t\t\t<div class=\"elementor-widget-container\">\n\t\t\t\t\t<h2 class=\"elementor-heading-title elementor-size-default\">Pourquoi travailler avec nous ?<\/h2>\t\t\t\t<\/div>\n\t\t\t\t<\/div>\n\t\t\t\t\t<\/div>\n\t\t\t\t<\/div>\n\t\t<div class=\"elementor-element elementor-element-a875e28 e-flex e-con-boxed e-con e-parent\" data-id=\"a875e28\" data-element_type=\"container\" data-e-type=\"container\">\n\t\t\t\t\t<div class=\"e-con-inner\">\n\t\t<div class=\"elementor-element elementor-element-b7adc2f e-con-full e-flex e-con e-child\" data-id=\"b7adc2f\" data-element_type=\"container\" data-e-type=\"container\">\n\t\t\t\t<div class=\"elementor-element elementor-element-64f8b07 elementor-widget elementor-widget-heading\" data-id=\"64f8b07\" data-element_type=\"widget\" data-e-type=\"widget\" data-widget_type=\"heading.default\">\n\t\t\t\t<div class=\"elementor-widget-container\">\n\t\t\t\t\t<h6 class=\"elementor-heading-title elementor-size-default\">1. acc\u00e8s \u00e0 des professionnels du monde entier<\/h6>\t\t\t\t<\/div>\n\t\t\t\t<\/div>\n\t\t\t\t<div class=\"elementor-element elementor-element-9a135bd elementor-widget elementor-widget-text-editor\" data-id=\"9a135bd\" data-element_type=\"widget\" data-e-type=\"widget\" data-widget_type=\"text-editor.default\">\n\t\t\t\t<div class=\"elementor-widget-container\">\n\t\t\t\t\t\t\t\t\t<p>Gr\u00e2ce \u00e0 notre collaboration, vous pouvez acc\u00e9der \u00e0 des professionnels talentueux de diff\u00e9rents pays qui peuvent aider votre entreprise \u00e0 se d\u00e9velopper et \u00e0 r\u00e9ussir.<\/p>\n\t\t\t\t\t\t\t\t<\/div>\n\t\t\t\t<\/div>\n\t\t\t\t<\/div>\n\t\t<div class=\"elementor-element elementor-element-17f9c01 e-con-full e-flex e-con e-child\" data-id=\"17f9c01\" data-element_type=\"container\" data-e-type=\"container\">\n\t\t\t\t<div class=\"elementor-element elementor-element-dc9565a elementor-widget elementor-widget-heading\" data-id=\"dc9565a\" data-element_type=\"widget\" data-e-type=\"widget\" data-widget_type=\"heading.default\">\n\t\t\t\t<div class=\"elementor-widget-container\">\n\t\t\t\t\t<h6 class=\"elementor-heading-title elementor-size-default\">2. aide au processus d'immigration<\/h6>\t\t\t\t<\/div>\n\t\t\t\t<\/div>\n\t\t\t\t<div class=\"elementor-element elementor-element-b7da3ee elementor-widget elementor-widget-text-editor\" data-id=\"b7da3ee\" data-element_type=\"widget\" data-e-type=\"widget\" data-widget_type=\"text-editor.default\">\n\t\t\t\t<div class=\"elementor-widget-container\">\n\t\t\t\t\t\t\t\t\t<p>Nous vous aidons \u00e0 simplifier le processus d&rsquo;immigration pour les employ\u00e9s potentiels en les guidant et en les assistant dans les d\u00e9marches n\u00e9cessaires.<\/p>\n\t\t\t\t\t\t\t\t<\/div>\n\t\t\t\t<\/div>\n\t\t\t\t<\/div>\n\t\t<div class=\"elementor-element elementor-element-e17d388 e-con-full e-flex e-con e-child\" data-id=\"e17d388\" data-element_type=\"container\" data-e-type=\"container\">\n\t\t\t\t<div class=\"elementor-element elementor-element-1a92647 elementor-widget elementor-widget-heading\" data-id=\"1a92647\" data-element_type=\"widget\" data-e-type=\"widget\" data-widget_type=\"heading.default\">\n\t\t\t\t<div class=\"elementor-widget-container\">\n\t\t\t\t\t<h6 class=\"elementor-heading-title elementor-size-default\">3. solutions adaptables<\/h6>\t\t\t\t<\/div>\n\t\t\t\t<\/div>\n\t\t\t\t<div class=\"elementor-element elementor-element-5fc81e8 elementor-widget elementor-widget-text-editor\" data-id=\"5fc81e8\" data-element_type=\"widget\" data-e-type=\"widget\" data-widget_type=\"text-editor.default\">\n\t\t\t\t<div class=\"elementor-widget-container\">\n\t\t\t\t\t\t\t\t\t<p>Nos services sont flexibles et peuvent \u00eatre adapt\u00e9s aux besoins sp\u00e9cifiques de votre entreprise, que vous recherchiez des professionnels dans un domaine particulier ou que vous ayez besoin d&rsquo;aide pour le d\u00e9veloppement de vos ressources humaines.<\/p>\n\t\t\t\t\t\t\t\t<\/div>\n\t\t\t\t<\/div>\n\t\t\t\t<\/div>\n\t\t<div class=\"elementor-element elementor-element-7b995b1 e-con-full e-flex e-con e-child\" data-id=\"7b995b1\" data-element_type=\"container\" data-e-type=\"container\">\n\t\t\t\t<div class=\"elementor-element elementor-element-0682742 elementor-widget elementor-widget-heading\" data-id=\"0682742\" data-element_type=\"widget\" data-e-type=\"widget\" data-widget_type=\"heading.default\">\n\t\t\t\t<div class=\"elementor-widget-container\">\n\t\t\t\t\t<h6 class=\"elementor-heading-title elementor-size-default\">4. r\u00e9duction des risques et assistance<\/h6>\t\t\t\t<\/div>\n\t\t\t\t<\/div>\n\t\t\t\t<div class=\"elementor-element elementor-element-bc01a02 elementor-widget elementor-widget-text-editor\" data-id=\"bc01a02\" data-element_type=\"widget\" data-e-type=\"widget\" data-widget_type=\"text-editor.default\">\n\t\t\t\t<div class=\"elementor-widget-container\">\n\t\t\t\t\t\t\t\t\t<p>Nous veillons \u00e0 ce que toutes les \u00e9tapes du processus d&rsquo;immigration soient effectu\u00e9es correctement et conform\u00e9ment \u00e0 la loi, afin de vous offrir s\u00e9curit\u00e9 et assistance.<\/p>\n\t\t\t\t\t\t\t\t<\/div>\n\t\t\t\t<\/div>\n\t\t\t\t<\/div>\n\t\t<div class=\"elementor-element elementor-element-5ad3037 e-con-full e-flex e-con e-child\" data-id=\"5ad3037\" data-element_type=\"container\" data-e-type=\"container\">\n\t\t\t\t<div class=\"elementor-element elementor-element-2fa29a7 elementor-widget elementor-widget-heading\" data-id=\"2fa29a7\" data-element_type=\"widget\" data-e-type=\"widget\" data-widget_type=\"heading.default\">\n\t\t\t\t<div class=\"elementor-widget-container\">\n\t\t\t\t\t<h6 class=\"elementor-heading-title elementor-size-default\">5. partenariat \u00e0 long terme<\/h6>\t\t\t\t<\/div>\n\t\t\t\t<\/div>\n\t\t\t\t<div class=\"elementor-element elementor-element-890727e elementor-widget elementor-widget-text-editor\" data-id=\"890727e\" data-element_type=\"widget\" data-e-type=\"widget\" data-widget_type=\"text-editor.default\">\n\t\t\t\t<div class=\"elementor-widget-container\">\n\t\t\t\t\t\t\t\t\t<div class=\"min-h-[20px] text-message flex flex-col items-start gap-3 whitespace-pre-wrap break-words [.text-message+&amp;]:mt-5 overflow-x-auto\" data-message-author-role=\"assistant\" data-message-id=\"f6919e3d-1625-4d9b-bbc5-e2e84e885819\">\n<div class=\"markdown prose w-full break-words dark:prose-invert dark\">\n<p>Nous nous effor\u00e7ons d&rsquo;\u00e9tablir des partenariats \u00e0 long terme et nous restons \u00e0 votre disposition apr\u00e8s la fin du processus d&rsquo;immigration pour vous<span style=\"color: var( --e-global-color-text ); font-family: var( --e-global-typography-text-font-family ), Sans-serif; font-size: var( --e-global-typography-text-font-size ); font-weight: var( --e-global-typography-text-font-weight ); text-align: var(--text-align); background-color: var( --e-global-color-secondary );\">aider<\/span> dans vos<span style=\"color: var( --e-global-color-text ); font-family: var( --e-global-typography-text-font-family ), Sans-serif; font-size: var( --e-global-typography-text-font-size ); font-weight: var( --e-global-typography-text-font-weight ); text-align: var(--text-align); background-color: var( --e-global-color-secondary );\">projets de recrutement et d&rsquo;immigration internationaux<\/span>&nbsp;<span style=\"color: var( --e-global-color-text ); font-family: var( --e-global-typography-text-font-family ), Sans-serif; font-size: var( --e-global-typography-text-font-size ); font-weight: var( --e-global-typography-text-font-weight ); text-align: var(--text-align); background-color: var( --e-global-color-secondary );\">et nous assurer que vous r\u00e9ussissiez \u00e0 long terme.<\/span><\/p><\/div><\/div>\t\t\t\t\t\t\t\t<\/div>\n\t\t\t\t<\/div>\n\t\t\t\t<\/div>\n\t\t\t\t\t<\/div>\n\t\t\t\t<\/div>\n\t\t<div class=\"elementor-element elementor-element-9b81d46 e-flex e-con-boxed e-con e-parent\" data-id=\"9b81d46\" data-element_type=\"container\" data-e-type=\"container\">\n\t\t\t\t\t<div class=\"e-con-inner\">\n\t\t\t\t\t<\/div>\n\t\t\t\t<\/div>\n\t\t\t\t<\/div>\n\t\t","protected":false},"excerpt":{"rendered":"<p>Pour les employeurs, nous sommes la cl\u00e9 pour faire face \u00e0 la p\u00e9nurie de comp\u00e9tences et cr\u00e9er des \u00e9quipes diversifi\u00e9es et performantes capables de relever les d\u00e9fis de demain. Nous vous aidons \u00e0 identifier, attirer et retenir les meilleurs talents en vous proposant des solutions de recrutement innovantes et des services de conseil personnalis\u00e9s. Pourquoi [&hellip;]<\/p>\n","protected":false},"author":1,"featured_media":0,"parent":0,"menu_order":0,"comment_status":"closed","ping_status":"closed","template":"","meta":{"inline_featured_image":false,"footnotes":""},"class_list":["post-707","page","type-page","status-publish","hentry"],"yoast_head":"<!-- This site is optimized with the Yoast SEO plugin v27.4 - https:\/\/yoast.com\/product\/yoast-seo-wordpress\/ -->\n<title>Employeur - Competent Job Trek<\/title>\n<meta name=\"robots\" content=\"index, follow, max-snippet:-1, max-image-preview:large, max-video-preview:-1\" \/>\n<link rel=\"canonical\" href=\"https:\/\/competent-job-trek.com\/fr\/employeur\/\" \/>\n<meta property=\"og:locale\" content=\"fr_FR\" \/>\n<meta property=\"og:type\" content=\"article\" \/>\n<meta property=\"og:title\" content=\"Employeur - Competent Job Trek\" \/>\n<meta property=\"og:description\" content=\"Pour les employeurs, nous sommes la cl\u00e9 pour faire face \u00e0 la p\u00e9nurie de comp\u00e9tences et cr\u00e9er des \u00e9quipes diversifi\u00e9es et performantes capables de relever les d\u00e9fis de demain. Nous vous aidons \u00e0 identifier, attirer et retenir les meilleurs talents en vous proposant des solutions de recrutement innovantes et des services de conseil personnalis\u00e9s. Pourquoi [&hellip;]\" \/>\n<meta property=\"og:url\" content=\"https:\/\/competent-job-trek.com\/fr\/employeur\/\" \/>\n<meta property=\"og:site_name\" content=\"Competent Job Trek\" \/>\n<meta property=\"article:modified_time\" content=\"2024-05-01T18:50:36+00:00\" \/>\n<meta property=\"og:image\" content=\"https:\/\/competent-job-trek.com\/wp-content\/uploads\/2024\/02\/og-image.png\" \/>\n\t<meta property=\"og:image:width\" content=\"1200\" \/>\n\t<meta property=\"og:image:height\" content=\"675\" \/>\n\t<meta property=\"og:image:type\" content=\"image\/png\" \/>\n<meta name=\"twitter:card\" content=\"summary_large_image\" \/>\n<meta name=\"twitter:label1\" content=\"Dur\u00e9e de lecture estim\u00e9e\" \/>\n\t<meta name=\"twitter:data1\" content=\"1 minute\" \/>\n<script type=\"application\/ld+json\" class=\"yoast-schema-graph\">{\"@context\":\"https:\\\/\\\/schema.org\",\"@graph\":[{\"@type\":\"WebPage\",\"@id\":\"https:\\\/\\\/competent-job-trek.com\\\/fr\\\/employeur\\\/\",\"url\":\"https:\\\/\\\/competent-job-trek.com\\\/fr\\\/employeur\\\/\",\"name\":\"Employeur - Competent Job Trek\",\"isPartOf\":{\"@id\":\"http:\\\/\\\/competent-job-trek.com\\\/fr\\\/#website\"},\"datePublished\":\"2024-02-12T14:50:31+00:00\",\"dateModified\":\"2024-05-01T18:50:36+00:00\",\"breadcrumb\":{\"@id\":\"https:\\\/\\\/competent-job-trek.com\\\/fr\\\/employeur\\\/#breadcrumb\"},\"inLanguage\":\"fr-FR\",\"potentialAction\":[{\"@type\":\"ReadAction\",\"target\":[\"https:\\\/\\\/competent-job-trek.com\\\/fr\\\/employeur\\\/\"]}]},{\"@type\":\"BreadcrumbList\",\"@id\":\"https:\\\/\\\/competent-job-trek.com\\\/fr\\\/employeur\\\/#breadcrumb\",\"itemListElement\":[{\"@type\":\"ListItem\",\"position\":1,\"name\":\"Startseite\",\"item\":\"https:\\\/\\\/competent-job-trek.com\\\/fr\\\/\"},{\"@type\":\"ListItem\",\"position\":2,\"name\":\"Employeur\"}]},{\"@type\":\"WebSite\",\"@id\":\"http:\\\/\\\/competent-job-trek.com\\\/fr\\\/#website\",\"url\":\"http:\\\/\\\/competent-job-trek.com\\\/fr\\\/\",\"name\":\"Competent Job Trek\",\"description\":\"\",\"publisher\":{\"@id\":\"http:\\\/\\\/competent-job-trek.com\\\/fr\\\/#organization\"},\"potentialAction\":[{\"@type\":\"SearchAction\",\"target\":{\"@type\":\"EntryPoint\",\"urlTemplate\":\"http:\\\/\\\/competent-job-trek.com\\\/fr\\\/?s={search_term_string}\"},\"query-input\":{\"@type\":\"PropertyValueSpecification\",\"valueRequired\":true,\"valueName\":\"search_term_string\"}}],\"inLanguage\":\"fr-FR\"},{\"@type\":\"Organization\",\"@id\":\"http:\\\/\\\/competent-job-trek.com\\\/fr\\\/#organization\",\"name\":\"Competent Job Trek\",\"url\":\"http:\\\/\\\/competent-job-trek.com\\\/fr\\\/\",\"logo\":{\"@type\":\"ImageObject\",\"inLanguage\":\"fr-FR\",\"@id\":\"http:\\\/\\\/competent-job-trek.com\\\/fr\\\/#\\\/schema\\\/logo\\\/image\\\/\",\"url\":\"\",\"contentUrl\":\"\",\"caption\":\"Competent Job Trek\"},\"image\":{\"@id\":\"http:\\\/\\\/competent-job-trek.com\\\/fr\\\/#\\\/schema\\\/logo\\\/image\\\/\"},\"sameAs\":[\"https:\\\/\\\/www.instagram.com\\\/competentjobtrek\\\/\"]}]}<\/script>\n<!-- \/ Yoast SEO plugin. -->","yoast_head_json":{"title":"Employeur - Competent Job Trek","robots":{"index":"index","follow":"follow","max-snippet":"max-snippet:-1","max-image-preview":"max-image-preview:large","max-video-preview":"max-video-preview:-1"},"canonical":"https:\/\/competent-job-trek.com\/fr\/employeur\/","og_locale":"fr_FR","og_type":"article","og_title":"Employeur - Competent Job Trek","og_description":"Pour les employeurs, nous sommes la cl\u00e9 pour faire face \u00e0 la p\u00e9nurie de comp\u00e9tences et cr\u00e9er des \u00e9quipes diversifi\u00e9es et performantes capables de relever les d\u00e9fis de demain. Nous vous aidons \u00e0 identifier, attirer et retenir les meilleurs talents en vous proposant des solutions de recrutement innovantes et des services de conseil personnalis\u00e9s. Pourquoi [&hellip;]","og_url":"https:\/\/competent-job-trek.com\/fr\/employeur\/","og_site_name":"Competent Job Trek","article_modified_time":"2024-05-01T18:50:36+00:00","og_image":[{"width":1200,"height":675,"url":"https:\/\/competent-job-trek.com\/wp-content\/uploads\/2024\/02\/og-image.png","type":"image\/png"}],"twitter_card":"summary_large_image","twitter_misc":{"Dur\u00e9e de lecture estim\u00e9e":"1 minute"},"schema":{"@context":"https:\/\/schema.org","@graph":[{"@type":"WebPage","@id":"https:\/\/competent-job-trek.com\/fr\/employeur\/","url":"https:\/\/competent-job-trek.com\/fr\/employeur\/","name":"Employeur - Competent Job Trek","isPartOf":{"@id":"http:\/\/competent-job-trek.com\/fr\/#website"},"datePublished":"2024-02-12T14:50:31+00:00","dateModified":"2024-05-01T18:50:36+00:00","breadcrumb":{"@id":"https:\/\/competent-job-trek.com\/fr\/employeur\/#breadcrumb"},"inLanguage":"fr-FR","potentialAction":[{"@type":"ReadAction","target":["https:\/\/competent-job-trek.com\/fr\/employeur\/"]}]},{"@type":"BreadcrumbList","@id":"https:\/\/competent-job-trek.com\/fr\/employeur\/#breadcrumb","itemListElement":[{"@type":"ListItem","position":1,"name":"Startseite","item":"https:\/\/competent-job-trek.com\/fr\/"},{"@type":"ListItem","position":2,"name":"Employeur"}]},{"@type":"WebSite","@id":"http:\/\/competent-job-trek.com\/fr\/#website","url":"http:\/\/competent-job-trek.com\/fr\/","name":"Competent Job Trek","description":"","publisher":{"@id":"http:\/\/competent-job-trek.com\/fr\/#organization"},"potentialAction":[{"@type":"SearchAction","target":{"@type":"EntryPoint","urlTemplate":"http:\/\/competent-job-trek.com\/fr\/?s={search_term_string}"},"query-input":{"@type":"PropertyValueSpecification","valueRequired":true,"valueName":"search_term_string"}}],"inLanguage":"fr-FR"},{"@type":"Organization","@id":"http:\/\/competent-job-trek.com\/fr\/#organization","name":"Competent Job Trek","url":"http:\/\/competent-job-trek.com\/fr\/","logo":{"@type":"ImageObject","inLanguage":"fr-FR","@id":"http:\/\/competent-job-trek.com\/fr\/#\/schema\/logo\/image\/","url":"","contentUrl":"","caption":"Competent Job Trek"},"image":{"@id":"http:\/\/competent-job-trek.com\/fr\/#\/schema\/logo\/image\/"},"sameAs":["https:\/\/www.instagram.com\/competentjobtrek\/"]}]}},"_links":{"self":[{"href":"https:\/\/competent-job-trek.com\/fr\/wp-json\/wp\/v2\/pages\/707","targetHints":{"allow":["GET"]}}],"collection":[{"href":"https:\/\/competent-job-trek.com\/fr\/wp-json\/wp\/v2\/pages"}],"about":[{"href":"https:\/\/competent-job-trek.com\/fr\/wp-json\/wp\/v2\/types\/page"}],"author":[{"embeddable":true,"href":"https:\/\/competent-job-trek.com\/fr\/wp-json\/wp\/v2\/users\/1"}],"replies":[{"embeddable":true,"href":"https:\/\/competent-job-trek.com\/fr\/wp-json\/wp\/v2\/comments?post=707"}],"version-history":[{"count":1,"href":"https:\/\/competent-job-trek.com\/fr\/wp-json\/wp\/v2\/pages\/707\/revisions"}],"predecessor-version":[{"id":714,"href":"https:\/\/competent-job-trek.com\/fr\/wp-json\/wp\/v2\/pages\/707\/revisions\/714"}],"wp:attachment":[{"href":"https:\/\/competent-job-trek.com\/fr\/wp-json\/wp\/v2\/media?parent=707"}],"curies":[{"name":"wp","href":"https:\/\/api.w.org\/{rel}","templated":true}]}}