{"id":706,"date":"2024-02-07T13:25:59","date_gmt":"2024-02-07T12:25:59","guid":{"rendered":"https:\/\/competent-job-trek.com\/informations-legales\/declaration-de-confidentialite\/"},"modified":"2024-12-18T23:05:09","modified_gmt":"2024-12-18T22:05:09","slug":"declaration-de-confidentialite","status":"publish","type":"page","link":"https:\/\/competent-job-trek.com\/fr\/informations-legales\/declaration-de-confidentialite\/","title":{"rendered":"D\u00e9claration de confidentialit\u00e9"},"content":{"rendered":"\t\t<div data-elementor-type=\"wp-page\" data-elementor-id=\"706\" class=\"elementor elementor-706 elementor-3\">\n\t\t\t\t<div class=\"elementor-element elementor-element-c53f478 e-flex e-con-boxed e-con e-parent\" data-id=\"c53f478\" data-element_type=\"container\" data-e-type=\"container\">\n\t\t\t\t\t<div class=\"e-con-inner\">\n\t\t\t\t<div class=\"elementor-element elementor-element-f060fdf elementor-widget elementor-widget-heading\" data-id=\"f060fdf\" data-element_type=\"widget\" data-e-type=\"widget\" data-widget_type=\"heading.default\">\n\t\t\t\t<div class=\"elementor-widget-container\">\n\t\t\t\t\t<h2 class=\"elementor-heading-title elementor-size-default\">D\u00e9claration de confidentialit\u00e9<\/h2>\t\t\t\t<\/div>\n\t\t\t\t<\/div>\n\t\t\t\t<div class=\"elementor-element elementor-element-340a725 elementor-widget elementor-widget-heading\" data-id=\"340a725\" data-element_type=\"widget\" data-e-type=\"widget\" data-widget_type=\"heading.default\">\n\t\t\t\t<div class=\"elementor-widget-container\">\n\t\t\t\t\t<h2 class=\"elementor-heading-title elementor-size-default\">Qui sommes-nous ?<\/h2>\t\t\t\t<\/div>\n\t\t\t\t<\/div>\n\t\t\t\t<div class=\"elementor-element elementor-element-c6db3da elementor-widget elementor-widget-text-editor\" data-id=\"c6db3da\" data-element_type=\"widget\" data-e-type=\"widget\" data-widget_type=\"text-editor.default\">\n\t\t\t\t<div class=\"elementor-widget-container\">\n\t\t\t\t\t\t\t\t\t<p><span style=\"color: var( --e-global-color-text ); font-family: var( --e-global-typography-text-font-family ), Sans-serif; font-size: var( --e-global-typography-text-font-size ); font-weight: var( --e-global-typography-text-font-weight ); text-align: var(--text-align); background-color: var( --e-global-color-secondary );\">L&rsquo;adresse de notre site web est la suivante : <\/span><a style=\"font-family: var( --e-global-typography-text-font-family ), Sans-serif; font-size: var( --e-global-typography-text-font-size ); font-weight: var( --e-global-typography-text-font-weight ); text-align: var(--text-align);\" href=\"https:\/\/competent-job-trek.com\/fr\/\" target=\"_blank\" rel=\"noopener\">https:\/\/competent-job-trek.com<\/a><span style=\"color: var( --e-global-color-text ); font-family: var( --e-global-typography-text-font-family ), Sans-serif; font-size: var( --e-global-typography-text-font-size ); font-weight: var( --e-global-typography-text-font-weight ); text-align: var(--text-align); background-color: var( --e-global-color-secondary );\">.<\/span><\/p>\n\t\t\t\t\t\t\t\t<\/div>\n\t\t\t\t<\/div>\n\t\t\t\t<div class=\"elementor-element elementor-element-08dc41b elementor-widget elementor-widget-heading\" data-id=\"08dc41b\" data-element_type=\"widget\" data-e-type=\"widget\" data-widget_type=\"heading.default\">\n\t\t\t\t<div class=\"elementor-widget-container\">\n\t\t\t\t\t<h2 class=\"elementor-heading-title elementor-size-default\">Commentaires<\/h2>\t\t\t\t<\/div>\n\t\t\t\t<\/div>\n\t\t\t\t<div class=\"elementor-element elementor-element-3f4004d elementor-widget elementor-widget-text-editor\" data-id=\"3f4004d\" data-element_type=\"widget\" data-e-type=\"widget\" data-widget_type=\"text-editor.default\">\n\t\t\t\t<div class=\"elementor-widget-container\">\n\t\t\t\t\t\t\t\t\t<p>Lorsque les visiteurs \u00e9crivent des commentaires sur le site, nous collectons les donn\u00e9es affich\u00e9es dans le formulaire de commentaire, ainsi que l&rsquo;adresse IP du visiteur et la cha\u00eene de l&rsquo;agent utilisateur (qui permet d&rsquo;identifier le navigateur) afin d&rsquo;aider \u00e0 la d\u00e9tection des spams. Une cha\u00eene de caract\u00e8res anonymis\u00e9e (\u00e9galement appel\u00e9e hash) peut \u00eatre cr\u00e9\u00e9e \u00e0 partir de votre adresse e-mail et transmise au service Gravatar afin de v\u00e9rifier si vous l&rsquo;utilisez. Vous pouvez consulter la politique de confidentialit\u00e9 du service Gravatar ici <a href=\"https:\/\/automattic.com\/privacy\/\" target=\"_blank\" rel=\"noopener\">: https:\/\/automattic.com\/privacy\/.<\/a> Une fois que votre commentaire a \u00e9t\u00e9 approuv\u00e9, votre photo de profil est visible publiquement dans le contexte de votre commentaire.<\/p>\n\t\t\t\t\t\t\t\t<\/div>\n\t\t\t\t<\/div>\n\t\t\t\t<div class=\"elementor-element elementor-element-d2aad1a elementor-widget elementor-widget-heading\" data-id=\"d2aad1a\" data-element_type=\"widget\" data-e-type=\"widget\" data-widget_type=\"heading.default\">\n\t\t\t\t<div class=\"elementor-widget-container\">\n\t\t\t\t\t<h2 class=\"elementor-heading-title elementor-size-default\">M\u00e9dias<\/h2>\t\t\t\t<\/div>\n\t\t\t\t<\/div>\n\t\t\t\t<div class=\"elementor-element elementor-element-72b5bec elementor-widget elementor-widget-text-editor\" data-id=\"72b5bec\" data-element_type=\"widget\" data-e-type=\"widget\" data-widget_type=\"text-editor.default\">\n\t\t\t\t<div class=\"elementor-widget-container\">\n\t\t\t\t\t\t\t\t\t<p>Si vous \u00eates un utilisateur enregistr\u00e9 et que vous t\u00e9l\u00e9chargez des photos sur ce site, vous devez \u00e9viter de t\u00e9l\u00e9charger des photos avec une localisation EXIF-GPS. Les visiteurs de ce site pourraient t\u00e9l\u00e9charger des photos stock\u00e9es sur ce site et en extraire les informations de localisation.<\/p>\n\t\t\t\t\t\t\t\t<\/div>\n\t\t\t\t<\/div>\n\t\t\t\t<div class=\"elementor-element elementor-element-b162f13 elementor-widget elementor-widget-heading\" data-id=\"b162f13\" data-element_type=\"widget\" data-e-type=\"widget\" data-widget_type=\"heading.default\">\n\t\t\t\t<div class=\"elementor-widget-container\">\n\t\t\t\t\t<h2 class=\"elementor-heading-title elementor-size-default\">Cookies<\/h2>\t\t\t\t<\/div>\n\t\t\t\t<\/div>\n\t\t\t\t<div class=\"elementor-element elementor-element-1038e99 elementor-widget elementor-widget-text-editor\" data-id=\"1038e99\" data-element_type=\"widget\" data-e-type=\"widget\" data-widget_type=\"text-editor.default\">\n\t\t\t\t<div class=\"elementor-widget-container\">\n\t\t\t\t\t\t\t\t\t<p>Si vous \u00e9crivez un commentaire sur notre site web, cela peut constituer un consentement pour que votre nom, votre adresse e-mail et votre site web soient enregistr\u00e9s dans des cookies. Il s&rsquo;agit d&rsquo;une fonction de confort qui vous \u00e9vite de devoir saisir \u00e0 nouveau toutes ces donn\u00e9es lorsque vous \u00e9crivez un autre commentaire. Ces cookies sont conserv\u00e9s pendant un an. Si vous avez un compte et que vous vous connectez \u00e0 ce site, nous placerons un cookie temporaire afin de d\u00e9terminer si votre navigateur accepte les cookies. Ce cookie ne contient aucune donn\u00e9e personnelle et est d\u00e9truit lorsque vous fermez votre navigateur. Lorsque vous vous inscrivez, nous configurons certains cookies pour stocker vos informations de connexion et vos options d&rsquo;affichage. Les cookies de connexion expirent apr\u00e8s deux jours et les cookies des options d&rsquo;affichage apr\u00e8s un an. Si vous choisissez de \u00ab\u00a0rester connect\u00e9\u00a0\u00bb lors de votre inscription, votre inscription sera maintenue pendant deux semaines. Lorsque vous vous d\u00e9connectez de votre compte, les cookies de connexion sont supprim\u00e9s. Lorsque vous modifiez ou publiez un article, un cookie suppl\u00e9mentaire est enregistr\u00e9 dans votre navigateur. Ce cookie ne contient aucune information personnelle et ne fait r\u00e9f\u00e9rence qu&rsquo;\u00e0 l&rsquo;identifiant de publication de l&rsquo;article que vous venez de modifier. Le cookie expire au bout d&rsquo;un jour.<\/p>\n\t\t\t\t\t\t\t\t<\/div>\n\t\t\t\t<\/div>\n\t\t\t\t<div class=\"elementor-element elementor-element-5bf1fc2 elementor-widget elementor-widget-heading\" data-id=\"5bf1fc2\" data-element_type=\"widget\" data-e-type=\"widget\" data-widget_type=\"heading.default\">\n\t\t\t\t<div class=\"elementor-widget-container\">\n\t\t\t\t\t<h2 class=\"elementor-heading-title elementor-size-default\">Contenu int\u00e9gr\u00e9 d'autres sites web<\/h2>\t\t\t\t<\/div>\n\t\t\t\t<\/div>\n\t\t\t\t<div class=\"elementor-element elementor-element-32f1092 elementor-widget elementor-widget-text-editor\" data-id=\"32f1092\" data-element_type=\"widget\" data-e-type=\"widget\" data-widget_type=\"text-editor.default\">\n\t\t\t\t<div class=\"elementor-widget-container\">\n\t\t\t\t\t\t\t\t\t<p>Les contributions sur ce site peuvent inclure du contenu int\u00e9gr\u00e9 (par exemple, des vid\u00e9os, des images, des messages, etc.) Le contenu int\u00e9gr\u00e9 d&rsquo;autres sites se comporte exactement comme si le visiteur avait visit\u00e9 l&rsquo;autre site. Ces sites peuvent collecter des informations sur vous, utiliser des cookies, int\u00e9grer des services de suivi suppl\u00e9mentaires de tiers et enregistrer votre interaction avec ce contenu int\u00e9gr\u00e9, y compris votre interaction avec le contenu int\u00e9gr\u00e9 si vous avez un compte et \u00eates connect\u00e9 \u00e0 ce site.<\/p>\n\t\t\t\t\t\t\t\t<\/div>\n\t\t\t\t<\/div>\n\t\t\t\t<div class=\"elementor-element elementor-element-eb2296a elementor-widget elementor-widget-heading\" data-id=\"eb2296a\" data-element_type=\"widget\" data-e-type=\"widget\" data-widget_type=\"heading.default\">\n\t\t\t\t<div class=\"elementor-widget-container\">\n\t\t\t\t\t<h2 class=\"elementor-heading-title elementor-size-default\">Avec qui nous partageons vos donn\u00e9es<\/h2>\t\t\t\t<\/div>\n\t\t\t\t<\/div>\n\t\t\t\t<div class=\"elementor-element elementor-element-5864104 elementor-widget elementor-widget-text-editor\" data-id=\"5864104\" data-element_type=\"widget\" data-e-type=\"widget\" data-widget_type=\"text-editor.default\">\n\t\t\t\t<div class=\"elementor-widget-container\">\n\t\t\t\t\t\t\t\t\t<p>Si vous demandez une r\u00e9initialisation de votre mot de passe, votre adresse IP sera incluse dans l&rsquo;e-mail de r\u00e9initialisation.<\/p>\n\t\t\t\t\t\t\t\t<\/div>\n\t\t\t\t<\/div>\n\t\t\t\t<div class=\"elementor-element elementor-element-bde3937 elementor-widget elementor-widget-heading\" data-id=\"bde3937\" data-element_type=\"widget\" data-e-type=\"widget\" data-widget_type=\"heading.default\">\n\t\t\t\t<div class=\"elementor-widget-container\">\n\t\t\t\t\t<h2 class=\"elementor-heading-title elementor-size-default\">Combien de temps nous conservons vos donn\u00e9es<\/h2>\t\t\t\t<\/div>\n\t\t\t\t<\/div>\n\t\t\t\t<div class=\"elementor-element elementor-element-78dd766 elementor-widget elementor-widget-text-editor\" data-id=\"78dd766\" data-element_type=\"widget\" data-e-type=\"widget\" data-widget_type=\"text-editor.default\">\n\t\t\t\t<div class=\"elementor-widget-container\">\n\t\t\t\t\t\t\t\t\t<p>Lorsque vous \u00e9crivez un commentaire, celui-ci, y compris les m\u00e9tadonn\u00e9es, est enregistr\u00e9 pour une dur\u00e9e illimit\u00e9e. De cette fa\u00e7on, nous pouvons d\u00e9tecter et approuver automatiquement les commentaires de suivi au lieu de les garder dans une file d&rsquo;attente de mod\u00e9ration. Pour les utilisateurs qui s&rsquo;inscrivent sur notre site, nous conservons \u00e9galement les informations personnelles qu&rsquo;ils fournissent dans leur profil d&rsquo;utilisateur. Tous les utilisateurs peuvent consulter, modifier ou supprimer leurs informations personnelles \u00e0 tout moment (le nom d&rsquo;utilisateur ne peut pas \u00eatre modifi\u00e9). Les administrateurs du site peuvent \u00e9galement consulter et modifier ces informations.<\/p>\n\t\t\t\t\t\t\t\t<\/div>\n\t\t\t\t<\/div>\n\t\t\t\t<div class=\"elementor-element elementor-element-3edac59 elementor-widget elementor-widget-heading\" data-id=\"3edac59\" data-element_type=\"widget\" data-e-type=\"widget\" data-widget_type=\"heading.default\">\n\t\t\t\t<div class=\"elementor-widget-container\">\n\t\t\t\t\t<h2 class=\"elementor-heading-title elementor-size-default\">Quels sont vos droits sur vos donn\u00e9es ?<\/h2>\t\t\t\t<\/div>\n\t\t\t\t<\/div>\n\t\t\t\t<div class=\"elementor-element elementor-element-e929cd6 elementor-widget elementor-widget-text-editor\" data-id=\"e929cd6\" data-element_type=\"widget\" data-e-type=\"widget\" data-widget_type=\"text-editor.default\">\n\t\t\t\t<div class=\"elementor-widget-container\">\n\t\t\t\t\t\t\t\t\t<p>Si vous avez un compte sur ce site ou si vous avez \u00e9crit des commentaires, vous pouvez nous demander d&rsquo;exporter vos donn\u00e9es personnelles, y compris toutes les donn\u00e9es que vous nous avez fournies. En outre, vous pouvez demander la suppression de toutes les donn\u00e9es personnelles que nous d\u00e9tenons \u00e0 votre sujet. Cela ne comprend pas les donn\u00e9es que nous devons conserver en raison de n\u00e9cessit\u00e9s administratives, juridiques ou de s\u00e9curit\u00e9.<\/p>\n\t\t\t\t\t\t\t\t<\/div>\n\t\t\t\t<\/div>\n\t\t\t\t<div class=\"elementor-element elementor-element-45f27f0 elementor-widget elementor-widget-heading\" data-id=\"45f27f0\" data-element_type=\"widget\" data-e-type=\"widget\" data-widget_type=\"heading.default\">\n\t\t\t\t<div class=\"elementor-widget-container\">\n\t\t\t\t\t<h2 class=\"elementor-heading-title elementor-size-default\">O\u00f9 vos donn\u00e9es sont envoy\u00e9es<\/h2>\t\t\t\t<\/div>\n\t\t\t\t<\/div>\n\t\t\t\t<div class=\"elementor-element elementor-element-8565287 elementor-widget elementor-widget-text-editor\" data-id=\"8565287\" data-element_type=\"widget\" data-e-type=\"widget\" data-widget_type=\"text-editor.default\">\n\t\t\t\t<div class=\"elementor-widget-container\">\n\t\t\t\t\t\t\t\t\t<p><span style=\"color: var( --e-global-color-text ); font-family: var( --e-global-typography-text-font-family ), Sans-serif; font-size: var( --e-global-typography-text-font-size ); font-weight: var( --e-global-typography-text-font-weight ); text-align: var(--text-align); background-color: var( --e-global-color-secondary );\">Les commentaires des visiteurs pourraient \u00eatre examin\u00e9s par un service automatis\u00e9 de d\u00e9tection des spams.<\/span><\/p>\n\t\t\t\t\t\t\t\t<\/div>\n\t\t\t\t<\/div>\n\t\t\t\t<div class=\"elementor-element elementor-element-4cbaa82 elementor-widget elementor-widget-spacer\" data-id=\"4cbaa82\" data-element_type=\"widget\" data-e-type=\"widget\" data-widget_type=\"spacer.default\">\n\t\t\t\t<div class=\"elementor-widget-container\">\n\t\t\t\t\t\t\t<div class=\"elementor-spacer\">\n\t\t\t<div class=\"elementor-spacer-inner\"><\/div>\n\t\t<\/div>\n\t\t\t\t\t\t<\/div>\n\t\t\t\t<\/div>\n\t\t\t\t\t<\/div>\n\t\t\t\t<\/div>\n\t\t\t\t<\/div>\n\t\t","protected":false},"excerpt":{"rendered":"<p>D\u00e9claration de confidentialit\u00e9 Qui sommes-nous ? L&rsquo;adresse de notre site web est la suivante : https:\/\/competent-job-trek.com. Commentaires Lorsque les visiteurs \u00e9crivent des commentaires sur le site, nous collectons les donn\u00e9es affich\u00e9es dans le formulaire de commentaire, ainsi que l&rsquo;adresse IP du visiteur et la cha\u00eene de l&rsquo;agent utilisateur (qui permet d&rsquo;identifier le navigateur) afin d&rsquo;aider [&hellip;]<\/p>\n","protected":false},"author":1,"featured_media":0,"parent":695,"menu_order":0,"comment_status":"closed","ping_status":"open","template":"","meta":{"inline_featured_image":false,"footnotes":""},"class_list":["post-706","page","type-page","status-publish","hentry"],"yoast_head":"<!-- This site is optimized with the Yoast SEO plugin v27.4 - https:\/\/yoast.com\/product\/yoast-seo-wordpress\/ -->\n<title>D\u00e9claration de confidentialit\u00e9 - Competent Job Trek<\/title>\n<meta name=\"robots\" content=\"index, follow, max-snippet:-1, max-image-preview:large, max-video-preview:-1\" \/>\n<link rel=\"canonical\" href=\"https:\/\/competent-job-trek.com\/fr\/informations-legales\/declaration-de-confidentialite\/\" \/>\n<meta property=\"og:locale\" content=\"fr_FR\" \/>\n<meta property=\"og:type\" content=\"article\" \/>\n<meta property=\"og:title\" content=\"D\u00e9claration de confidentialit\u00e9 - Competent Job Trek\" \/>\n<meta property=\"og:description\" content=\"D\u00e9claration de confidentialit\u00e9 Qui sommes-nous ? L&rsquo;adresse de notre site web est la suivante : https:\/\/competent-job-trek.com. Commentaires Lorsque les visiteurs \u00e9crivent des commentaires sur le site, nous collectons les donn\u00e9es affich\u00e9es dans le formulaire de commentaire, ainsi que l&rsquo;adresse IP du visiteur et la cha\u00eene de l&rsquo;agent utilisateur (qui permet d&rsquo;identifier le navigateur) afin d&rsquo;aider [&hellip;]\" \/>\n<meta property=\"og:url\" content=\"https:\/\/competent-job-trek.com\/fr\/informations-legales\/declaration-de-confidentialite\/\" \/>\n<meta property=\"og:site_name\" content=\"Competent Job Trek\" \/>\n<meta property=\"article:modified_time\" content=\"2024-12-18T22:05:09+00:00\" \/>\n<meta property=\"og:image\" content=\"https:\/\/competent-job-trek.com\/wp-content\/uploads\/2024\/02\/og-image.png\" \/>\n\t<meta property=\"og:image:width\" content=\"1200\" \/>\n\t<meta property=\"og:image:height\" content=\"675\" \/>\n\t<meta property=\"og:image:type\" content=\"image\/png\" \/>\n<meta name=\"twitter:card\" content=\"summary_large_image\" \/>\n<meta name=\"twitter:label1\" content=\"Dur\u00e9e de lecture estim\u00e9e\" \/>\n\t<meta name=\"twitter:data1\" content=\"4 minutes\" \/>\n<script type=\"application\/ld+json\" class=\"yoast-schema-graph\">{\"@context\":\"https:\\\/\\\/schema.org\",\"@graph\":[{\"@type\":\"WebPage\",\"@id\":\"https:\\\/\\\/competent-job-trek.com\\\/fr\\\/informations-legales\\\/declaration-de-confidentialite\\\/\",\"url\":\"https:\\\/\\\/competent-job-trek.com\\\/fr\\\/informations-legales\\\/declaration-de-confidentialite\\\/\",\"name\":\"D\u00e9claration de confidentialit\u00e9 - Competent Job Trek\",\"isPartOf\":{\"@id\":\"http:\\\/\\\/competent-job-trek.com\\\/fr\\\/#website\"},\"datePublished\":\"2024-02-07T12:25:59+00:00\",\"dateModified\":\"2024-12-18T22:05:09+00:00\",\"breadcrumb\":{\"@id\":\"https:\\\/\\\/competent-job-trek.com\\\/fr\\\/informations-legales\\\/declaration-de-confidentialite\\\/#breadcrumb\"},\"inLanguage\":\"fr-FR\",\"potentialAction\":[{\"@type\":\"ReadAction\",\"target\":[\"https:\\\/\\\/competent-job-trek.com\\\/fr\\\/informations-legales\\\/declaration-de-confidentialite\\\/\"]}]},{\"@type\":\"BreadcrumbList\",\"@id\":\"https:\\\/\\\/competent-job-trek.com\\\/fr\\\/informations-legales\\\/declaration-de-confidentialite\\\/#breadcrumb\",\"itemListElement\":[{\"@type\":\"ListItem\",\"position\":1,\"name\":\"Startseite\",\"item\":\"https:\\\/\\\/competent-job-trek.com\\\/fr\\\/\"},{\"@type\":\"ListItem\",\"position\":2,\"name\":\"Informations l\u00e9gales\",\"item\":\"https:\\\/\\\/competent-job-trek.com\\\/fr\\\/informations-legales\\\/\"},{\"@type\":\"ListItem\",\"position\":3,\"name\":\"D\u00e9claration de confidentialit\u00e9\"}]},{\"@type\":\"WebSite\",\"@id\":\"http:\\\/\\\/competent-job-trek.com\\\/fr\\\/#website\",\"url\":\"http:\\\/\\\/competent-job-trek.com\\\/fr\\\/\",\"name\":\"Competent Job Trek\",\"description\":\"\",\"publisher\":{\"@id\":\"http:\\\/\\\/competent-job-trek.com\\\/fr\\\/#organization\"},\"potentialAction\":[{\"@type\":\"SearchAction\",\"target\":{\"@type\":\"EntryPoint\",\"urlTemplate\":\"http:\\\/\\\/competent-job-trek.com\\\/fr\\\/?s={search_term_string}\"},\"query-input\":{\"@type\":\"PropertyValueSpecification\",\"valueRequired\":true,\"valueName\":\"search_term_string\"}}],\"inLanguage\":\"fr-FR\"},{\"@type\":\"Organization\",\"@id\":\"http:\\\/\\\/competent-job-trek.com\\\/fr\\\/#organization\",\"name\":\"Competent Job Trek\",\"url\":\"http:\\\/\\\/competent-job-trek.com\\\/fr\\\/\",\"logo\":{\"@type\":\"ImageObject\",\"inLanguage\":\"fr-FR\",\"@id\":\"http:\\\/\\\/competent-job-trek.com\\\/fr\\\/#\\\/schema\\\/logo\\\/image\\\/\",\"url\":\"\",\"contentUrl\":\"\",\"caption\":\"Competent Job Trek\"},\"image\":{\"@id\":\"http:\\\/\\\/competent-job-trek.com\\\/fr\\\/#\\\/schema\\\/logo\\\/image\\\/\"},\"sameAs\":[\"https:\\\/\\\/www.instagram.com\\\/competentjobtrek\\\/\"]}]}<\/script>\n<!-- \/ Yoast SEO plugin. -->","yoast_head_json":{"title":"D\u00e9claration de confidentialit\u00e9 - Competent Job Trek","robots":{"index":"index","follow":"follow","max-snippet":"max-snippet:-1","max-image-preview":"max-image-preview:large","max-video-preview":"max-video-preview:-1"},"canonical":"https:\/\/competent-job-trek.com\/fr\/informations-legales\/declaration-de-confidentialite\/","og_locale":"fr_FR","og_type":"article","og_title":"D\u00e9claration de confidentialit\u00e9 - Competent Job Trek","og_description":"D\u00e9claration de confidentialit\u00e9 Qui sommes-nous ? L&rsquo;adresse de notre site web est la suivante : https:\/\/competent-job-trek.com. Commentaires Lorsque les visiteurs \u00e9crivent des commentaires sur le site, nous collectons les donn\u00e9es affich\u00e9es dans le formulaire de commentaire, ainsi que l&rsquo;adresse IP du visiteur et la cha\u00eene de l&rsquo;agent utilisateur (qui permet d&rsquo;identifier le navigateur) afin d&rsquo;aider [&hellip;]","og_url":"https:\/\/competent-job-trek.com\/fr\/informations-legales\/declaration-de-confidentialite\/","og_site_name":"Competent Job Trek","article_modified_time":"2024-12-18T22:05:09+00:00","og_image":[{"width":1200,"height":675,"url":"https:\/\/competent-job-trek.com\/wp-content\/uploads\/2024\/02\/og-image.png","type":"image\/png"}],"twitter_card":"summary_large_image","twitter_misc":{"Dur\u00e9e de lecture estim\u00e9e":"4 minutes"},"schema":{"@context":"https:\/\/schema.org","@graph":[{"@type":"WebPage","@id":"https:\/\/competent-job-trek.com\/fr\/informations-legales\/declaration-de-confidentialite\/","url":"https:\/\/competent-job-trek.com\/fr\/informations-legales\/declaration-de-confidentialite\/","name":"D\u00e9claration de confidentialit\u00e9 - Competent Job Trek","isPartOf":{"@id":"http:\/\/competent-job-trek.com\/fr\/#website"},"datePublished":"2024-02-07T12:25:59+00:00","dateModified":"2024-12-18T22:05:09+00:00","breadcrumb":{"@id":"https:\/\/competent-job-trek.com\/fr\/informations-legales\/declaration-de-confidentialite\/#breadcrumb"},"inLanguage":"fr-FR","potentialAction":[{"@type":"ReadAction","target":["https:\/\/competent-job-trek.com\/fr\/informations-legales\/declaration-de-confidentialite\/"]}]},{"@type":"BreadcrumbList","@id":"https:\/\/competent-job-trek.com\/fr\/informations-legales\/declaration-de-confidentialite\/#breadcrumb","itemListElement":[{"@type":"ListItem","position":1,"name":"Startseite","item":"https:\/\/competent-job-trek.com\/fr\/"},{"@type":"ListItem","position":2,"name":"Informations l\u00e9gales","item":"https:\/\/competent-job-trek.com\/fr\/informations-legales\/"},{"@type":"ListItem","position":3,"name":"D\u00e9claration de confidentialit\u00e9"}]},{"@type":"WebSite","@id":"http:\/\/competent-job-trek.com\/fr\/#website","url":"http:\/\/competent-job-trek.com\/fr\/","name":"Competent Job Trek","description":"","publisher":{"@id":"http:\/\/competent-job-trek.com\/fr\/#organization"},"potentialAction":[{"@type":"SearchAction","target":{"@type":"EntryPoint","urlTemplate":"http:\/\/competent-job-trek.com\/fr\/?s={search_term_string}"},"query-input":{"@type":"PropertyValueSpecification","valueRequired":true,"valueName":"search_term_string"}}],"inLanguage":"fr-FR"},{"@type":"Organization","@id":"http:\/\/competent-job-trek.com\/fr\/#organization","name":"Competent Job Trek","url":"http:\/\/competent-job-trek.com\/fr\/","logo":{"@type":"ImageObject","inLanguage":"fr-FR","@id":"http:\/\/competent-job-trek.com\/fr\/#\/schema\/logo\/image\/","url":"","contentUrl":"","caption":"Competent Job Trek"},"image":{"@id":"http:\/\/competent-job-trek.com\/fr\/#\/schema\/logo\/image\/"},"sameAs":["https:\/\/www.instagram.com\/competentjobtrek\/"]}]}},"_links":{"self":[{"href":"https:\/\/competent-job-trek.com\/fr\/wp-json\/wp\/v2\/pages\/706","targetHints":{"allow":["GET"]}}],"collection":[{"href":"https:\/\/competent-job-trek.com\/fr\/wp-json\/wp\/v2\/pages"}],"about":[{"href":"https:\/\/competent-job-trek.com\/fr\/wp-json\/wp\/v2\/types\/page"}],"author":[{"embeddable":true,"href":"https:\/\/competent-job-trek.com\/fr\/wp-json\/wp\/v2\/users\/1"}],"replies":[{"embeddable":true,"href":"https:\/\/competent-job-trek.com\/fr\/wp-json\/wp\/v2\/comments?post=706"}],"version-history":[{"count":2,"href":"https:\/\/competent-job-trek.com\/fr\/wp-json\/wp\/v2\/pages\/706\/revisions"}],"predecessor-version":[{"id":813,"href":"https:\/\/competent-job-trek.com\/fr\/wp-json\/wp\/v2\/pages\/706\/revisions\/813"}],"up":[{"embeddable":true,"href":"https:\/\/competent-job-trek.com\/fr\/wp-json\/wp\/v2\/pages\/695"}],"wp:attachment":[{"href":"https:\/\/competent-job-trek.com\/fr\/wp-json\/wp\/v2\/media?parent=706"}],"curies":[{"name":"wp","href":"https:\/\/api.w.org\/{rel}","templated":true}]}}