{"id":690,"date":"2024-02-07T13:25:59","date_gmt":"2024-02-07T12:25:59","guid":{"rendered":"https:\/\/competent-job-trek.com\/page-daccueil\/"},"modified":"2024-05-01T20:50:28","modified_gmt":"2024-05-01T18:50:28","slug":"page-daccueil","status":"publish","type":"page","link":"https:\/\/competent-job-trek.com\/fr\/","title":{"rendered":"Page d&rsquo;accueil"},"content":{"rendered":"\t\t<div data-elementor-type=\"wp-page\" data-elementor-id=\"690\" class=\"elementor elementor-690 elementor-2\">\n\t\t\t\t<div class=\"elementor-element elementor-element-3968993 e-con-full e-flex e-con e-parent\" data-id=\"3968993\" data-element_type=\"container\" data-e-type=\"container\" data-settings=\"{&quot;background_background&quot;:&quot;classic&quot;}\">\n\t\t\t\t<div class=\"elementor-element elementor-element-af380a1 animated-slow elementor-invisible elementor-widget elementor-widget-image\" data-id=\"af380a1\" data-element_type=\"widget\" data-e-type=\"widget\" data-settings=\"{&quot;_animation&quot;:&quot;zoomIn&quot;}\" data-widget_type=\"image.default\">\n\t\t\t\t<div class=\"elementor-widget-container\">\n\t\t\t\t\t\t\t\t\t\t\t\t\t\t\t<img fetchpriority=\"high\" decoding=\"async\" width=\"800\" height=\"800\" src=\"https:\/\/competent-job-trek.com\/wp-content\/uploads\/2024\/02\/Logo-weiss-3.svg\" class=\"attachment-large size-large wp-image-686\" alt=\"\" \/>\t\t\t\t\t\t\t\t\t\t\t\t\t\t\t<\/div>\n\t\t\t\t<\/div>\n\t\t\t\t<\/div>\n\t\t<div class=\"elementor-element elementor-element-c659bf5 e-flex e-con-boxed e-con e-parent\" data-id=\"c659bf5\" data-element_type=\"container\" data-e-type=\"container\">\n\t\t\t\t\t<div class=\"e-con-inner\">\n\t\t<div class=\"elementor-element elementor-element-ff6924d e-flex e-con-boxed e-con e-child\" data-id=\"ff6924d\" data-element_type=\"container\" data-e-type=\"container\">\n\t\t\t\t\t<div class=\"e-con-inner\">\n\t\t\t\t<div class=\"elementor-element elementor-element-9db0599 elementor-widget elementor-widget-heading\" data-id=\"9db0599\" data-element_type=\"widget\" data-e-type=\"widget\" data-widget_type=\"heading.default\">\n\t\t\t\t<div class=\"elementor-widget-container\">\n\t\t\t\t\t<h2 class=\"elementor-heading-title elementor-size-default\">Bienvenue sur Competent Job Trek !<\/h2>\t\t\t\t<\/div>\n\t\t\t\t<\/div>\n\t\t\t\t<div class=\"elementor-element elementor-element-de98c41 elementor-widget elementor-widget-text-editor\" data-id=\"de98c41\" data-element_type=\"widget\" data-e-type=\"widget\" data-widget_type=\"text-editor.default\">\n\t\t\t\t<div class=\"elementor-widget-container\">\n\t\t\t\t\t\t\t\t\t<p><span style=\"color: var( --e-global-color-text ); font-family: var( --e-global-typography-text-font-family ), Sans-serif; font-size: var( --e-global-typography-text-font-size ); font-weight: var( --e-global-typography-text-font-weight ); text-align: var(--text-align); background-color: var( --e-global-color-secondary );\">D\u00e9couvrez avec nous de nouvelles perspectives professionnelles et des opportunit\u00e9s de carri\u00e8re. En tant que sp\u00e9cialistes du placement de personnel qualifi\u00e9 et d&rsquo;apprentis \u00e9trangers dans des entreprises allemandes, nous sommes \u00e0 vos c\u00f4t\u00e9s. Notre objectif est de fournir aux employeurs une main-d&rsquo;\u0153uvre hautement qualifi\u00e9e et d&rsquo;aider les employ\u00e9s \u00e0 trouver le travail de leurs r\u00eaves en Allemagne.<\/span><\/p>\n<p>Que vous soyez \u00e0 la recherche de nouveaux talents pour votre entreprise ou d&rsquo;une opportunit\u00e9 professionnelle passionnante en Allemagne, Competent Job Trek est le bon endroit pour vous. Notre \u00e9quipe s&rsquo;engage \u00e0 trouver les solutions les plus adapt\u00e9es \u00e0 vos besoins et \u00e0 vous accompagner sur la voie de la r\u00e9ussite.<\/p>\n<p>Entrez dans le monde de Competent Job Trek et d\u00e9couvrez comment nous pouvons vous aider \u00e0 atteindre vos objectifs professionnels !<\/p>\n\t\t\t\t\t\t\t\t<\/div>\n\t\t\t\t<\/div>\n\t\t\t\t<div class=\"elementor-element elementor-element-662bf74 elementor-widget elementor-widget-spacer\" data-id=\"662bf74\" data-element_type=\"widget\" data-e-type=\"widget\" data-widget_type=\"spacer.default\">\n\t\t\t\t<div class=\"elementor-widget-container\">\n\t\t\t\t\t\t\t<div class=\"elementor-spacer\">\n\t\t\t<div class=\"elementor-spacer-inner\"><\/div>\n\t\t<\/div>\n\t\t\t\t\t\t<\/div>\n\t\t\t\t<\/div>\n\t\t\t\t\t<\/div>\n\t\t\t\t<\/div>\n\t\t\t\t\t<\/div>\n\t\t\t\t<\/div>\n\t\t\t\t<\/div>\n\t\t","protected":false},"excerpt":{"rendered":"<p>Bienvenue sur Competent Job Trek ! D\u00e9couvrez avec nous de nouvelles perspectives professionnelles et des opportunit\u00e9s de carri\u00e8re. En tant que sp\u00e9cialistes du placement de personnel qualifi\u00e9 et d&rsquo;apprentis \u00e9trangers dans des entreprises allemandes, nous sommes \u00e0 vos c\u00f4t\u00e9s. Notre objectif est de fournir aux employeurs une main-d&rsquo;\u0153uvre hautement qualifi\u00e9e et d&rsquo;aider les employ\u00e9s \u00e0 [&hellip;]<\/p>\n","protected":false},"author":1,"featured_media":0,"parent":0,"menu_order":0,"comment_status":"closed","ping_status":"open","template":"","meta":{"inline_featured_image":false,"footnotes":""},"class_list":["post-690","page","type-page","status-publish","hentry"],"yoast_head":"<!-- This site is optimized with the Yoast SEO plugin v27.4 - https:\/\/yoast.com\/product\/yoast-seo-wordpress\/ -->\n<title>Page d&#039;accueil - Competent Job Trek<\/title>\n<meta name=\"robots\" content=\"index, follow, max-snippet:-1, max-image-preview:large, max-video-preview:-1\" \/>\n<link rel=\"canonical\" href=\"https:\/\/competent-job-trek.com\/fr\/\" \/>\n<meta property=\"og:locale\" content=\"fr_FR\" \/>\n<meta property=\"og:type\" content=\"article\" \/>\n<meta property=\"og:title\" content=\"Page d&#039;accueil - Competent Job Trek\" \/>\n<meta property=\"og:description\" content=\"Bienvenue sur Competent Job Trek ! D\u00e9couvrez avec nous de nouvelles perspectives professionnelles et des opportunit\u00e9s de carri\u00e8re. En tant que sp\u00e9cialistes du placement de personnel qualifi\u00e9 et d&rsquo;apprentis \u00e9trangers dans des entreprises allemandes, nous sommes \u00e0 vos c\u00f4t\u00e9s. Notre objectif est de fournir aux employeurs une main-d&rsquo;\u0153uvre hautement qualifi\u00e9e et d&rsquo;aider les employ\u00e9s \u00e0 [&hellip;]\" \/>\n<meta property=\"og:url\" content=\"https:\/\/competent-job-trek.com\/fr\/\" \/>\n<meta property=\"og:site_name\" content=\"Competent Job Trek\" \/>\n<meta property=\"article:modified_time\" content=\"2024-05-01T18:50:28+00:00\" \/>\n<meta property=\"og:image\" content=\"https:\/\/competent-job-trek.com\/wp-content\/uploads\/2024\/02\/Logo-weiss-3.svg\" \/>\n<meta name=\"twitter:card\" content=\"summary_large_image\" \/>\n<meta name=\"twitter:label1\" content=\"Dur\u00e9e de lecture estim\u00e9e\" \/>\n\t<meta name=\"twitter:data1\" content=\"1 minute\" \/>\n<script type=\"application\/ld+json\" class=\"yoast-schema-graph\">{\"@context\":\"https:\\\/\\\/schema.org\",\"@graph\":[{\"@type\":\"WebPage\",\"@id\":\"https:\\\/\\\/competent-job-trek.com\\\/fr\\\/\",\"url\":\"https:\\\/\\\/competent-job-trek.com\\\/fr\\\/\",\"name\":\"Page d'accueil - Competent Job Trek\",\"isPartOf\":{\"@id\":\"http:\\\/\\\/competent-job-trek.com\\\/fr\\\/#website\"},\"primaryImageOfPage\":{\"@id\":\"https:\\\/\\\/competent-job-trek.com\\\/fr\\\/#primaryimage\"},\"image\":{\"@id\":\"https:\\\/\\\/competent-job-trek.com\\\/fr\\\/#primaryimage\"},\"thumbnailUrl\":\"https:\\\/\\\/competent-job-trek.com\\\/wp-content\\\/uploads\\\/2024\\\/02\\\/Logo-weiss-3.svg\",\"datePublished\":\"2024-02-07T12:25:59+00:00\",\"dateModified\":\"2024-05-01T18:50:28+00:00\",\"breadcrumb\":{\"@id\":\"https:\\\/\\\/competent-job-trek.com\\\/fr\\\/#breadcrumb\"},\"inLanguage\":\"fr-FR\",\"potentialAction\":[{\"@type\":\"ReadAction\",\"target\":[\"https:\\\/\\\/competent-job-trek.com\\\/fr\\\/\"]}]},{\"@type\":\"ImageObject\",\"inLanguage\":\"fr-FR\",\"@id\":\"https:\\\/\\\/competent-job-trek.com\\\/fr\\\/#primaryimage\",\"url\":\"https:\\\/\\\/competent-job-trek.com\\\/wp-content\\\/uploads\\\/2024\\\/02\\\/Logo-weiss-3.svg\",\"contentUrl\":\"https:\\\/\\\/competent-job-trek.com\\\/wp-content\\\/uploads\\\/2024\\\/02\\\/Logo-weiss-3.svg\"},{\"@type\":\"BreadcrumbList\",\"@id\":\"https:\\\/\\\/competent-job-trek.com\\\/fr\\\/#breadcrumb\",\"itemListElement\":[{\"@type\":\"ListItem\",\"position\":1,\"name\":\"Startseite\",\"item\":\"https:\\\/\\\/competent-job-trek.com\\\/fr\\\/\"},{\"@type\":\"ListItem\",\"position\":2,\"name\":\"Page d&rsquo;accueil\"}]},{\"@type\":\"WebSite\",\"@id\":\"http:\\\/\\\/competent-job-trek.com\\\/fr\\\/#website\",\"url\":\"http:\\\/\\\/competent-job-trek.com\\\/fr\\\/\",\"name\":\"Competent Job Trek\",\"description\":\"\",\"publisher\":{\"@id\":\"http:\\\/\\\/competent-job-trek.com\\\/fr\\\/#organization\"},\"potentialAction\":[{\"@type\":\"SearchAction\",\"target\":{\"@type\":\"EntryPoint\",\"urlTemplate\":\"http:\\\/\\\/competent-job-trek.com\\\/fr\\\/?s={search_term_string}\"},\"query-input\":{\"@type\":\"PropertyValueSpecification\",\"valueRequired\":true,\"valueName\":\"search_term_string\"}}],\"inLanguage\":\"fr-FR\"},{\"@type\":\"Organization\",\"@id\":\"http:\\\/\\\/competent-job-trek.com\\\/fr\\\/#organization\",\"name\":\"Competent Job Trek\",\"url\":\"http:\\\/\\\/competent-job-trek.com\\\/fr\\\/\",\"logo\":{\"@type\":\"ImageObject\",\"inLanguage\":\"fr-FR\",\"@id\":\"http:\\\/\\\/competent-job-trek.com\\\/fr\\\/#\\\/schema\\\/logo\\\/image\\\/\",\"url\":\"\",\"contentUrl\":\"\",\"caption\":\"Competent Job Trek\"},\"image\":{\"@id\":\"http:\\\/\\\/competent-job-trek.com\\\/fr\\\/#\\\/schema\\\/logo\\\/image\\\/\"},\"sameAs\":[\"https:\\\/\\\/www.instagram.com\\\/competentjobtrek\\\/\"]}]}<\/script>\n<!-- \/ Yoast SEO plugin. -->","yoast_head_json":{"title":"Page d'accueil - Competent Job Trek","robots":{"index":"index","follow":"follow","max-snippet":"max-snippet:-1","max-image-preview":"max-image-preview:large","max-video-preview":"max-video-preview:-1"},"canonical":"https:\/\/competent-job-trek.com\/fr\/","og_locale":"fr_FR","og_type":"article","og_title":"Page d'accueil - Competent Job Trek","og_description":"Bienvenue sur Competent Job Trek ! D\u00e9couvrez avec nous de nouvelles perspectives professionnelles et des opportunit\u00e9s de carri\u00e8re. En tant que sp\u00e9cialistes du placement de personnel qualifi\u00e9 et d&rsquo;apprentis \u00e9trangers dans des entreprises allemandes, nous sommes \u00e0 vos c\u00f4t\u00e9s. Notre objectif est de fournir aux employeurs une main-d&rsquo;\u0153uvre hautement qualifi\u00e9e et d&rsquo;aider les employ\u00e9s \u00e0 [&hellip;]","og_url":"https:\/\/competent-job-trek.com\/fr\/","og_site_name":"Competent Job Trek","article_modified_time":"2024-05-01T18:50:28+00:00","og_image":[{"url":"https:\/\/competent-job-trek.com\/wp-content\/uploads\/2024\/02\/Logo-weiss-3.svg","type":"","width":"","height":""}],"twitter_card":"summary_large_image","twitter_misc":{"Dur\u00e9e de lecture estim\u00e9e":"1 minute"},"schema":{"@context":"https:\/\/schema.org","@graph":[{"@type":"WebPage","@id":"https:\/\/competent-job-trek.com\/fr\/","url":"https:\/\/competent-job-trek.com\/fr\/","name":"Page d'accueil - Competent Job Trek","isPartOf":{"@id":"http:\/\/competent-job-trek.com\/fr\/#website"},"primaryImageOfPage":{"@id":"https:\/\/competent-job-trek.com\/fr\/#primaryimage"},"image":{"@id":"https:\/\/competent-job-trek.com\/fr\/#primaryimage"},"thumbnailUrl":"https:\/\/competent-job-trek.com\/wp-content\/uploads\/2024\/02\/Logo-weiss-3.svg","datePublished":"2024-02-07T12:25:59+00:00","dateModified":"2024-05-01T18:50:28+00:00","breadcrumb":{"@id":"https:\/\/competent-job-trek.com\/fr\/#breadcrumb"},"inLanguage":"fr-FR","potentialAction":[{"@type":"ReadAction","target":["https:\/\/competent-job-trek.com\/fr\/"]}]},{"@type":"ImageObject","inLanguage":"fr-FR","@id":"https:\/\/competent-job-trek.com\/fr\/#primaryimage","url":"https:\/\/competent-job-trek.com\/wp-content\/uploads\/2024\/02\/Logo-weiss-3.svg","contentUrl":"https:\/\/competent-job-trek.com\/wp-content\/uploads\/2024\/02\/Logo-weiss-3.svg"},{"@type":"BreadcrumbList","@id":"https:\/\/competent-job-trek.com\/fr\/#breadcrumb","itemListElement":[{"@type":"ListItem","position":1,"name":"Startseite","item":"https:\/\/competent-job-trek.com\/fr\/"},{"@type":"ListItem","position":2,"name":"Page d&rsquo;accueil"}]},{"@type":"WebSite","@id":"http:\/\/competent-job-trek.com\/fr\/#website","url":"http:\/\/competent-job-trek.com\/fr\/","name":"Competent Job Trek","description":"","publisher":{"@id":"http:\/\/competent-job-trek.com\/fr\/#organization"},"potentialAction":[{"@type":"SearchAction","target":{"@type":"EntryPoint","urlTemplate":"http:\/\/competent-job-trek.com\/fr\/?s={search_term_string}"},"query-input":{"@type":"PropertyValueSpecification","valueRequired":true,"valueName":"search_term_string"}}],"inLanguage":"fr-FR"},{"@type":"Organization","@id":"http:\/\/competent-job-trek.com\/fr\/#organization","name":"Competent Job Trek","url":"http:\/\/competent-job-trek.com\/fr\/","logo":{"@type":"ImageObject","inLanguage":"fr-FR","@id":"http:\/\/competent-job-trek.com\/fr\/#\/schema\/logo\/image\/","url":"","contentUrl":"","caption":"Competent Job Trek"},"image":{"@id":"http:\/\/competent-job-trek.com\/fr\/#\/schema\/logo\/image\/"},"sameAs":["https:\/\/www.instagram.com\/competentjobtrek\/"]}]}},"_links":{"self":[{"href":"https:\/\/competent-job-trek.com\/fr\/wp-json\/wp\/v2\/pages\/690","targetHints":{"allow":["GET"]}}],"collection":[{"href":"https:\/\/competent-job-trek.com\/fr\/wp-json\/wp\/v2\/pages"}],"about":[{"href":"https:\/\/competent-job-trek.com\/fr\/wp-json\/wp\/v2\/types\/page"}],"author":[{"embeddable":true,"href":"https:\/\/competent-job-trek.com\/fr\/wp-json\/wp\/v2\/users\/1"}],"replies":[{"embeddable":true,"href":"https:\/\/competent-job-trek.com\/fr\/wp-json\/wp\/v2\/comments?post=690"}],"version-history":[{"count":1,"href":"https:\/\/competent-job-trek.com\/fr\/wp-json\/wp\/v2\/pages\/690\/revisions"}],"predecessor-version":[{"id":697,"href":"https:\/\/competent-job-trek.com\/fr\/wp-json\/wp\/v2\/pages\/690\/revisions\/697"}],"wp:attachment":[{"href":"https:\/\/competent-job-trek.com\/fr\/wp-json\/wp\/v2\/media?parent=690"}],"curies":[{"name":"wp","href":"https:\/\/api.w.org\/{rel}","templated":true}]}}