{"id":732,"date":"2024-02-18T19:40:10","date_gmt":"2024-02-18T18:40:10","guid":{"rendered":"https:\/\/competent-job-trek.com\/%d8%a7%d8%aa%d8%b5%d8%a7%d9%84\/"},"modified":"2024-05-01T20:50:50","modified_gmt":"2024-05-01T18:50:50","slug":"%d8%a7%d8%aa%d8%b5%d8%a7%d9%84","status":"publish","type":"page","link":"https:\/\/competent-job-trek.com\/ar\/%d8%a7%d8%aa%d8%b5%d8%a7%d9%84\/","title":{"rendered":"\u0627\u062a\u0635\u0627\u0644"},"content":{"rendered":"\t\t<div data-elementor-type=\"wp-page\" data-elementor-id=\"732\" class=\"elementor elementor-732 elementor-448\">\n\t\t\t\t<div class=\"elementor-element elementor-element-a36b468 e-flex e-con-boxed e-con e-parent\" data-id=\"a36b468\" data-element_type=\"container\" data-e-type=\"container\">\n\t\t\t\t\t<div class=\"e-con-inner\">\n\t\t\t\t<div class=\"elementor-element elementor-element-ebbb75b elementor-widget elementor-widget-heading\" data-id=\"ebbb75b\" data-element_type=\"widget\" data-e-type=\"widget\" data-widget_type=\"heading.default\">\n\t\t\t\t<div class=\"elementor-widget-container\">\n\t\t\t\t\t<h2 class=\"elementor-heading-title elementor-size-default\">\u0627\u062a\u0635\u0627\u0644<\/h2>\t\t\t\t<\/div>\n\t\t\t\t<\/div>\n\t\t\t\t<div class=\"elementor-element elementor-element-0abb94c elementor-widget elementor-widget-text-editor\" data-id=\"0abb94c\" data-element_type=\"widget\" data-e-type=\"widget\" data-widget_type=\"text-editor.default\">\n\t\t\t\t<div class=\"elementor-widget-container\">\n\t\t\t\t\t\t\t\t\t<p>\u0631\u0627\u0633\u0644\u0646\u0627 \u0639\u0628\u0631 \u0627\u0644\u0628\u0631\u064a\u062f \u0627\u0644\u0625\u0644\u0643\u062a\u0631\u0648\u0646\u064a \u0639\u0644\u0649 <a href=\"mailto:info@competent-job-trek.com\" target=\"_blank\" rel=\"noopener\">info@competent-job-trek.com<\/a> \u0623\u0648 \u0627\u0633\u062a\u062e\u062f\u0645 \u0646\u0645\u0648\u0630\u062c \u0627\u0644\u0627\u062a\u0635\u0627\u0644 \u0627\u0644\u062a\u0627\u0644\u064a:<\/p>\n\t\t\t\t\t\t\t\t<\/div>\n\t\t\t\t<\/div>\n\t\t\t\t<div class=\"elementor-element elementor-element-43bc3f0 elementor-widget elementor-widget-shortcode\" data-id=\"43bc3f0\" data-element_type=\"widget\" data-e-type=\"widget\" data-widget_type=\"shortcode.default\">\n\t\t\t\t<div class=\"elementor-widget-container\">\n\t\t\t\t\t\t\t<div class=\"elementor-shortcode\"><style id=\"wpforms-css-vars-443\">\n\t\t\t\t#wpforms-443 {\n\t\t\t\t\n\t\t\t}\n\t\t\t<\/style><div class=\"wpforms-container wpforms-container-full wpforms-render-modern\" id=\"wpforms-443\"><form id=\"wpforms-form-443\" class=\"wpforms-validate wpforms-form wpforms-ajax-form\" data-formid=\"443\" method=\"post\" enctype=\"multipart\/form-data\" action=\"\/ar\/wp-json\/wp\/v2\/pages\/732\" data-token=\"ce6509b585723e8127ff26d1b808d6ec\" data-token-time=\"1776486689\"><noscript class=\"wpforms-error-noscript\">Please enable JavaScript in your browser to complete this form.<\/noscript><div id=\"wpforms-error-noscript\" style=\"display: none;\">Please enable JavaScript in your browser to complete this form.<\/div><div class=\"wpforms-field-container\"><div id=\"wpforms-443-field_0-container\" class=\"wpforms-field wpforms-field-name\" data-field-id=\"0\"><label class=\"wpforms-field-label\" for=\"wpforms-443-field_0\">Name <span class=\"wpforms-required-label\" aria-hidden=\"true\">*<\/span><\/label><input type=\"text\" id=\"wpforms-443-field_0\" class=\"wpforms-field-medium wpforms-field-required\" name=\"wpforms[fields][0]\" aria-errormessage=\"wpforms-443-field_0-error\" required><\/div><div id=\"wpforms-443-field_1-container\" class=\"wpforms-field wpforms-field-email\" data-field-id=\"1\"><label class=\"wpforms-field-label\" for=\"wpforms-443-field_1\">E-Mail-Adresse <span class=\"wpforms-required-label\" aria-hidden=\"true\">*<\/span><\/label><input type=\"email\" id=\"wpforms-443-field_1\" class=\"wpforms-field-medium wpforms-field-required\" name=\"wpforms[fields][1]\" spellcheck=\"false\" aria-errormessage=\"wpforms-443-field_1-error\" required><\/div><div id=\"wpforms-443-field_4-container\" class=\"wpforms-field wpforms-field-text\" data-field-id=\"4\"><label class=\"wpforms-field-label\" for=\"wpforms-443-field_4\">Telefon<\/label><input type=\"text\" id=\"wpforms-443-field_4\" class=\"wpforms-field-medium\" name=\"wpforms[fields][4]\" aria-errormessage=\"wpforms-443-field_4-error\" ><\/div><div id=\"wpforms-443-field_5-container\" class=\"wpforms-field wpforms-field-select wpforms-field-select-style-classic\" data-field-id=\"5\"><label class=\"wpforms-field-label\" for=\"wpforms-443-field_5\">Empf\u00e4nger*in<\/label><select id=\"wpforms-443-field_5\" class=\"wpforms-field-medium\" name=\"wpforms[fields][5]\"><option value=\"Cindy Tr\u00fcbel \u2013 Gesch\u00e4ftsf\u00fchrerin\"  class=\"choice-1 depth-1\"  >Cindy Tr\u00fcbel \u2013 Gesch\u00e4ftsf\u00fchrerin<\/option><option value=\"Julia Mahmoudi Zavieh \u2013 Visa und Beratung\"  class=\"choice-2 depth-1\"  >Julia Mahmoudi Zavieh \u2013 Visa und Beratung<\/option><option value=\"Zakaria Imchad \u2013 Assistenz der Gesch\u00e4ftsf\u00fchrung in Marokko\"  class=\"choice-3 depth-1\"  >Zakaria Imchad \u2013 Assistenz der Gesch\u00e4ftsf\u00fchrung in Marokko<\/option><option value=\"Tom Keiling \u2013 Assistenz der Gesch\u00e4ftsf\u00fchrung in Deutschland\"  class=\"choice-4 depth-1\"  >Tom Keiling \u2013 Assistenz der Gesch\u00e4ftsf\u00fchrung in Deutschland<\/option><option value=\"Stephan Meyer \u2013 Ansprechpartner f\u00fcr Firmenkunden und Buchhaltung\"  class=\"choice-5 depth-1\"  >Stephan Meyer \u2013 Ansprechpartner f\u00fcr Firmenkunden und Buchhaltung<\/option><\/select><div id=\"wpforms-443-field_5-description\" class=\"wpforms-field-description\">Bitte w\u00e4hlen Sie, an wen Ihre Nachricht gerichtet ist, damit wir diese schnellstm\u00f6glich bearbeiten k\u00f6nnen.<\/div><\/div><div id=\"wpforms-443-field_2-container\" class=\"wpforms-field wpforms-field-textarea\" data-field-id=\"2\"><label class=\"wpforms-field-label\" for=\"wpforms-443-field_2\">Nachricht <span class=\"wpforms-required-label\" aria-hidden=\"true\">*<\/span><\/label><textarea id=\"wpforms-443-field_2\" class=\"wpforms-field-medium wpforms-field-required\" name=\"wpforms[fields][2]\" aria-errormessage=\"wpforms-443-field_2-error\" required><\/textarea><\/div><\/div><!-- .wpforms-field-container --><div class=\"wpforms-submit-container\" ><input type=\"hidden\" name=\"wpforms[id]\" value=\"443\"><input type=\"hidden\" name=\"page_title\" value=\"\"><input type=\"hidden\" name=\"page_url\" value=\"https:\/\/competent-job-trek.com\/ar\/wp-json\/wp\/v2\/pages\/732\"><input type=\"hidden\" name=\"url_referer\" value=\"\"><button type=\"submit\" name=\"wpforms[submit]\" id=\"wpforms-submit-443\" class=\"wpforms-submit\" data-alt-text=\"Wird gesendet\u00a0\u2026\" data-submit-text=\"Senden\" aria-live=\"assertive\" value=\"wpforms-submit\">Senden<\/button><img decoding=\"async\" src=\"https:\/\/competent-job-trek.com\/wp-content\/plugins\/wpforms-lite\/assets\/images\/submit-spin.svg\" class=\"wpforms-submit-spinner\" style=\"display: none;\" width=\"26\" height=\"26\" alt=\"Loading\"><\/div><\/form><\/div>  <!-- .wpforms-container --><\/div>\n\t\t\t\t\t\t<\/div>\n\t\t\t\t<\/div>\n\t\t\t\t\t<\/div>\n\t\t\t\t<\/div>\n\t\t\t\t<\/div>\n\t\t","protected":false},"excerpt":{"rendered":"<p>\u0627\u062a\u0635\u0627\u0644 \u0631\u0627\u0633\u0644\u0646\u0627 \u0639\u0628\u0631 \u0627\u0644\u0628\u0631\u064a\u062f \u0627\u0644\u0625\u0644\u0643\u062a\u0631\u0648\u0646\u064a \u0639\u0644\u0649 info@competent-job-trek.com \u0623\u0648 \u0627\u0633\u062a\u062e\u062f\u0645 \u0646\u0645\u0648\u0630\u062c \u0627\u0644\u0627\u062a\u0635\u0627\u0644 \u0627\u0644\u062a\u0627\u0644\u064a:<\/p>\n","protected":false},"author":3,"featured_media":0,"parent":0,"menu_order":0,"comment_status":"closed","ping_status":"closed","template":"","meta":{"inline_featured_image":false,"footnotes":""},"class_list":["post-732","page","type-page","status-publish","hentry"],"yoast_head":"<!-- This site is optimized with the Yoast SEO plugin v27.4 - https:\/\/yoast.com\/product\/yoast-seo-wordpress\/ -->\n<title>\u0627\u062a\u0635\u0627\u0644 - Competent Job Trek<\/title>\n<meta name=\"robots\" content=\"index, follow, max-snippet:-1, max-image-preview:large, max-video-preview:-1\" \/>\n<link rel=\"canonical\" href=\"https:\/\/competent-job-trek.com\/ar\/%d8%a7%d8%aa%d8%b5%d8%a7%d9%84\/\" \/>\n<meta property=\"og:locale\" content=\"ar_AR\" \/>\n<meta property=\"og:type\" content=\"article\" \/>\n<meta property=\"og:title\" content=\"\u0627\u062a\u0635\u0627\u0644 - Competent Job Trek\" \/>\n<meta property=\"og:description\" content=\"\u0627\u062a\u0635\u0627\u0644 \u0631\u0627\u0633\u0644\u0646\u0627 \u0639\u0628\u0631 \u0627\u0644\u0628\u0631\u064a\u062f \u0627\u0644\u0625\u0644\u0643\u062a\u0631\u0648\u0646\u064a \u0639\u0644\u0649 info@competent-job-trek.com \u0623\u0648 \u0627\u0633\u062a\u062e\u062f\u0645 \u0646\u0645\u0648\u0630\u062c \u0627\u0644\u0627\u062a\u0635\u0627\u0644 \u0627\u0644\u062a\u0627\u0644\u064a:\" \/>\n<meta property=\"og:url\" content=\"https:\/\/competent-job-trek.com\/ar\/%d8%a7%d8%aa%d8%b5%d8%a7%d9%84\/\" \/>\n<meta property=\"og:site_name\" content=\"Competent Job Trek\" \/>\n<meta property=\"article:modified_time\" content=\"2024-05-01T18:50:50+00:00\" \/>\n<meta property=\"og:image\" content=\"https:\/\/competent-job-trek.com\/wp-content\/uploads\/2024\/02\/og-image.png\" \/>\n\t<meta property=\"og:image:width\" content=\"1200\" \/>\n\t<meta property=\"og:image:height\" content=\"675\" \/>\n\t<meta property=\"og:image:type\" content=\"image\/png\" \/>\n<meta name=\"twitter:card\" content=\"summary_large_image\" \/>\n<script type=\"application\/ld+json\" class=\"yoast-schema-graph\">{\"@context\":\"https:\\\/\\\/schema.org\",\"@graph\":[{\"@type\":\"WebPage\",\"@id\":\"https:\\\/\\\/competent-job-trek.com\\\/ar\\\/%d8%a7%d8%aa%d8%b5%d8%a7%d9%84\\\/\",\"url\":\"https:\\\/\\\/competent-job-trek.com\\\/ar\\\/%d8%a7%d8%aa%d8%b5%d8%a7%d9%84\\\/\",\"name\":\"\u0627\u062a\u0635\u0627\u0644 - Competent Job Trek\",\"isPartOf\":{\"@id\":\"http:\\\/\\\/competent-job-trek.com\\\/ar\\\/#website\"},\"datePublished\":\"2024-02-18T18:40:10+00:00\",\"dateModified\":\"2024-05-01T18:50:50+00:00\",\"breadcrumb\":{\"@id\":\"https:\\\/\\\/competent-job-trek.com\\\/ar\\\/%d8%a7%d8%aa%d8%b5%d8%a7%d9%84\\\/#breadcrumb\"},\"inLanguage\":\"ar\",\"potentialAction\":[{\"@type\":\"ReadAction\",\"target\":[\"https:\\\/\\\/competent-job-trek.com\\\/ar\\\/%d8%a7%d8%aa%d8%b5%d8%a7%d9%84\\\/\"]}]},{\"@type\":\"BreadcrumbList\",\"@id\":\"https:\\\/\\\/competent-job-trek.com\\\/ar\\\/%d8%a7%d8%aa%d8%b5%d8%a7%d9%84\\\/#breadcrumb\",\"itemListElement\":[{\"@type\":\"ListItem\",\"position\":1,\"name\":\"Startseite\",\"item\":\"https:\\\/\\\/competent-job-trek.com\\\/ar\\\/\"},{\"@type\":\"ListItem\",\"position\":2,\"name\":\"\u0627\u062a\u0635\u0627\u0644\"}]},{\"@type\":\"WebSite\",\"@id\":\"http:\\\/\\\/competent-job-trek.com\\\/ar\\\/#website\",\"url\":\"http:\\\/\\\/competent-job-trek.com\\\/ar\\\/\",\"name\":\"Competent Job Trek\",\"description\":\"\",\"publisher\":{\"@id\":\"http:\\\/\\\/competent-job-trek.com\\\/ar\\\/#organization\"},\"potentialAction\":[{\"@type\":\"SearchAction\",\"target\":{\"@type\":\"EntryPoint\",\"urlTemplate\":\"http:\\\/\\\/competent-job-trek.com\\\/ar\\\/?s={search_term_string}\"},\"query-input\":{\"@type\":\"PropertyValueSpecification\",\"valueRequired\":true,\"valueName\":\"search_term_string\"}}],\"inLanguage\":\"ar\"},{\"@type\":\"Organization\",\"@id\":\"http:\\\/\\\/competent-job-trek.com\\\/ar\\\/#organization\",\"name\":\"Competent Job Trek\",\"url\":\"http:\\\/\\\/competent-job-trek.com\\\/ar\\\/\",\"logo\":{\"@type\":\"ImageObject\",\"inLanguage\":\"ar\",\"@id\":\"http:\\\/\\\/competent-job-trek.com\\\/ar\\\/#\\\/schema\\\/logo\\\/image\\\/\",\"url\":\"\",\"contentUrl\":\"\",\"caption\":\"Competent Job Trek\"},\"image\":{\"@id\":\"http:\\\/\\\/competent-job-trek.com\\\/ar\\\/#\\\/schema\\\/logo\\\/image\\\/\"},\"sameAs\":[\"https:\\\/\\\/www.instagram.com\\\/competentjobtrek\\\/\"]}]}<\/script>\n<!-- \/ Yoast SEO plugin. -->","yoast_head_json":{"title":"\u0627\u062a\u0635\u0627\u0644 - Competent Job Trek","robots":{"index":"index","follow":"follow","max-snippet":"max-snippet:-1","max-image-preview":"max-image-preview:large","max-video-preview":"max-video-preview:-1"},"canonical":"https:\/\/competent-job-trek.com\/ar\/%d8%a7%d8%aa%d8%b5%d8%a7%d9%84\/","og_locale":"ar_AR","og_type":"article","og_title":"\u0627\u062a\u0635\u0627\u0644 - Competent Job Trek","og_description":"\u0627\u062a\u0635\u0627\u0644 \u0631\u0627\u0633\u0644\u0646\u0627 \u0639\u0628\u0631 \u0627\u0644\u0628\u0631\u064a\u062f \u0627\u0644\u0625\u0644\u0643\u062a\u0631\u0648\u0646\u064a \u0639\u0644\u0649 info@competent-job-trek.com \u0623\u0648 \u0627\u0633\u062a\u062e\u062f\u0645 \u0646\u0645\u0648\u0630\u062c \u0627\u0644\u0627\u062a\u0635\u0627\u0644 \u0627\u0644\u062a\u0627\u0644\u064a:","og_url":"https:\/\/competent-job-trek.com\/ar\/%d8%a7%d8%aa%d8%b5%d8%a7%d9%84\/","og_site_name":"Competent Job Trek","article_modified_time":"2024-05-01T18:50:50+00:00","og_image":[{"width":1200,"height":675,"url":"https:\/\/competent-job-trek.com\/wp-content\/uploads\/2024\/02\/og-image.png","type":"image\/png"}],"twitter_card":"summary_large_image","schema":{"@context":"https:\/\/schema.org","@graph":[{"@type":"WebPage","@id":"https:\/\/competent-job-trek.com\/ar\/%d8%a7%d8%aa%d8%b5%d8%a7%d9%84\/","url":"https:\/\/competent-job-trek.com\/ar\/%d8%a7%d8%aa%d8%b5%d8%a7%d9%84\/","name":"\u0627\u062a\u0635\u0627\u0644 - Competent Job Trek","isPartOf":{"@id":"http:\/\/competent-job-trek.com\/ar\/#website"},"datePublished":"2024-02-18T18:40:10+00:00","dateModified":"2024-05-01T18:50:50+00:00","breadcrumb":{"@id":"https:\/\/competent-job-trek.com\/ar\/%d8%a7%d8%aa%d8%b5%d8%a7%d9%84\/#breadcrumb"},"inLanguage":"ar","potentialAction":[{"@type":"ReadAction","target":["https:\/\/competent-job-trek.com\/ar\/%d8%a7%d8%aa%d8%b5%d8%a7%d9%84\/"]}]},{"@type":"BreadcrumbList","@id":"https:\/\/competent-job-trek.com\/ar\/%d8%a7%d8%aa%d8%b5%d8%a7%d9%84\/#breadcrumb","itemListElement":[{"@type":"ListItem","position":1,"name":"Startseite","item":"https:\/\/competent-job-trek.com\/ar\/"},{"@type":"ListItem","position":2,"name":"\u0627\u062a\u0635\u0627\u0644"}]},{"@type":"WebSite","@id":"http:\/\/competent-job-trek.com\/ar\/#website","url":"http:\/\/competent-job-trek.com\/ar\/","name":"Competent Job Trek","description":"","publisher":{"@id":"http:\/\/competent-job-trek.com\/ar\/#organization"},"potentialAction":[{"@type":"SearchAction","target":{"@type":"EntryPoint","urlTemplate":"http:\/\/competent-job-trek.com\/ar\/?s={search_term_string}"},"query-input":{"@type":"PropertyValueSpecification","valueRequired":true,"valueName":"search_term_string"}}],"inLanguage":"ar"},{"@type":"Organization","@id":"http:\/\/competent-job-trek.com\/ar\/#organization","name":"Competent Job Trek","url":"http:\/\/competent-job-trek.com\/ar\/","logo":{"@type":"ImageObject","inLanguage":"ar","@id":"http:\/\/competent-job-trek.com\/ar\/#\/schema\/logo\/image\/","url":"","contentUrl":"","caption":"Competent Job Trek"},"image":{"@id":"http:\/\/competent-job-trek.com\/ar\/#\/schema\/logo\/image\/"},"sameAs":["https:\/\/www.instagram.com\/competentjobtrek\/"]}]}},"_links":{"self":[{"href":"https:\/\/competent-job-trek.com\/ar\/wp-json\/wp\/v2\/pages\/732","targetHints":{"allow":["GET"]}}],"collection":[{"href":"https:\/\/competent-job-trek.com\/ar\/wp-json\/wp\/v2\/pages"}],"about":[{"href":"https:\/\/competent-job-trek.com\/ar\/wp-json\/wp\/v2\/types\/page"}],"author":[{"embeddable":true,"href":"https:\/\/competent-job-trek.com\/ar\/wp-json\/wp\/v2\/users\/3"}],"replies":[{"embeddable":true,"href":"https:\/\/competent-job-trek.com\/ar\/wp-json\/wp\/v2\/comments?post=732"}],"version-history":[{"count":1,"href":"https:\/\/competent-job-trek.com\/ar\/wp-json\/wp\/v2\/pages\/732\/revisions"}],"predecessor-version":[{"id":740,"href":"https:\/\/competent-job-trek.com\/ar\/wp-json\/wp\/v2\/pages\/732\/revisions\/740"}],"wp:attachment":[{"href":"https:\/\/competent-job-trek.com\/ar\/wp-json\/wp\/v2\/media?parent=732"}],"curies":[{"name":"wp","href":"https:\/\/api.w.org\/{rel}","templated":true}]}}